{"id":984,"date":"2023-02-09T10:51:33","date_gmt":"2023-02-09T13:51:33","guid":{"rendered":"https:\/\/cmercedes-bue.infd.edu.ar\/sitio\/?page_id=984"},"modified":"2025-11-10T20:02:23","modified_gmt":"2025-11-10T23:02:23","slug":"foba-educacion-musical","status":"publish","type":"page","link":"https:\/\/cmercedes-bue.infd.edu.ar\/sitio\/foba-educacion-musical\/","title":{"rendered":"FOBA Educaci\u00f3n Musical"},"content":{"rendered":"\n<p><\/p>\n\n\n\n<p class=\"has-text-align-center has-x-large-font-size\"><strong>ESTUDIA PROFESORADO DE EDUCACION MUSICAL.<\/strong><\/p>\n\n\n\n<p class=\"has-text-align-center\">Para ser Docente de M\u00fasica en todos los niveles de Educaci\u00f3n.<\/p>\n\n\n\n<p class=\"has-text-align-center\"><strong>INGRESO 2026<\/strong><\/p>\n\n\n\n<p>A partir del ciclo lectivo 2023 incorporamos una nueva formaci\u00f3n b\u00e1sica exclusiva para el ingreso al Profesorado de Educaci\u00f3n Musical (Resoluci\u00f3n 855\/11) que ofrece la posibilidad de cursar todas las materias en un a\u00f1o garantizando los contenidos y conocimientos necesarios para el ingreso a dicho profesorado.<\/p>\n\n\n\n<p>La FOBA Educaci\u00f3n Musical tiene como opci\u00f3n de instrumento Guitarra o Piano que son los instrumentos arm\u00f3nicos troncales de la carrera de profesorado. <\/p>\n\n\n\n<p>Esta formaci\u00f3n b\u00e1sica no habilita para el ingreso a los profesorados de instrumento o canto popular y tampoco a las tecnicaturas de instrumento o canto. Si luego quisieras cursar alguna de esas carreras deber\u00e1s completar la Foba correspondiente teniendo en cuenta el r\u00e9gimen de equivalencias con esta formaci\u00f3n.<\/p>\n\n\n\n<p>Si ya cursaste y aprobaste materias de las otras formaciones b\u00e1sicas, y quisieras pasar a este FOBA Educaci\u00f3n Musical, tambi\u00e9n deber\u00e1s revisar el r\u00e9gimen de equivalencias para corroborar que materias te son reconocidas como aprobadas.<\/p>\n\n\n\n<p><strong>Equivalencias FOBA Educaci\u00f3n Musical<\/strong>:<\/p>\n\n\n\n<figure class=\"wp-block-table is-style-stripes\"><table><tbody><tr><td><strong>Foba Instrumento<\/strong><\/td><td><strong>Foba Educaci\u00f3n<\/strong><\/td><\/tr><tr><td>Lenguaje Musical I y II<\/td><td>Equivalencia Parcial Lenguaje Musical *<\/td><\/tr><tr><td>Instrumento I (Guitarra o Piano)<\/td><td>Equivalencia Total Instrumento<\/td><\/tr><tr><td>Apreciaci\u00f3n Musical I<\/td><td>Equivalencia Total Apreciaci\u00f3n Musical<\/td><\/tr><tr><td>Instrumento Arm\u00f3nico<\/td><td>Equivalencia Total Instrumento Arm\u00f3nico<\/td><\/tr><tr><td>Practica de conjunto vocal e Instrumental I<\/td><td>Equivalencia Total Practica de Conjunto<\/td><\/tr><tr><td>Lenguaje Musical I, II y III<\/td><td>Equivalencia Total Lenguaje Musical<\/td><\/tr><\/tbody><\/table><\/figure>\n\n\n\n<p>Una vez que hayas le\u00eddo y analizado tu situaci\u00f3n por favor completa <a href=\"https:\/\/forms.gle\/EphiN3Ncd5Cp4ww4A\">este formulario<\/a> para realizar tu inscripci\u00f3n:<\/p>\n\n\n\n<p><a href=\"https:\/\/forms.gle\/EphiN3Ncd5Cp4ww4A\">Formulario Inscripci\u00f3n Foba Educaci\u00f3n Musical <\/a><\/p>\n\n\n\n<p><strong>DOCUMENTACI\u00d3N NECESARIA:<\/strong><br>Fotocopia\/Foto DNI (ambas caras) &#8211; Certificado de Estudios Cursados \/ Alumno regular. &#8211; Certificado de Salud.<\/p>\n\n\n\n<p>Para mas informaci\u00f3n visita la pagina de <a rel=\"noreferrer noopener\" href=\"https:\/\/cmercedes-bue.infd.edu.ar\/sitio\/preguntas-frecuentes-foba\/\" data-type=\"URL\" data-id=\"https:\/\/cmercedes-bue.infd.edu.ar\/sitio\/preguntas-frecuentes-foba\/\" target=\"_blank\">Preguntas Frecuentes<\/a>.<\/p>\n","protected":false},"excerpt":{"rendered":"<p>ESTUDIA PROFESORADO DE EDUCACION MUSICAL. Para ser Docente de M\u00fasica en todos los niveles de Educaci\u00f3n. INGRESO 2026 A partir del ciclo lectivo 2023 incorporamos una nueva formaci\u00f3n b\u00e1sica exclusiva para el ingreso al Profesorado de Educaci\u00f3n Musical (Resoluci\u00f3n 855\/11) que ofrece la posibilidad de cursar todas las materias en un a\u00f1o garantizando los contenidos &#8230; <a title=\"FOBA Educaci\u00f3n Musical\" class=\"read-more\" href=\"https:\/\/cmercedes-bue.infd.edu.ar\/sitio\/foba-educacion-musical\/\" aria-label=\"More on FOBA Educaci\u00f3n Musical\">[+]<\/a><\/p>\n","protected":false},"author":321,"featured_media":0,"parent":0,"menu_order":0,"comment_status":"closed","ping_status":"closed","template":"","meta":[],"acf":[],"_links":{"self":[{"href":"https:\/\/cmercedes-bue.infd.edu.ar\/sitio\/wp-json\/wp\/v2\/pages\/984"}],"collection":[{"href":"https:\/\/cmercedes-bue.infd.edu.ar\/sitio\/wp-json\/wp\/v2\/pages"}],"about":[{"href":"https:\/\/cmercedes-bue.infd.edu.ar\/sitio\/wp-json\/wp\/v2\/types\/page"}],"author":[{"embeddable":true,"href":"https:\/\/cmercedes-bue.infd.edu.ar\/sitio\/wp-json\/wp\/v2\/users\/321"}],"replies":[{"embeddable":true,"href":"https:\/\/cmercedes-bue.infd.edu.ar\/sitio\/wp-json\/wp\/v2\/comments?post=984"}],"version-history":[{"count":10,"href":"https:\/\/cmercedes-bue.infd.edu.ar\/sitio\/wp-json\/wp\/v2\/pages\/984\/revisions"}],"predecessor-version":[{"id":1229,"href":"https:\/\/cmercedes-bue.infd.edu.ar\/sitio\/wp-json\/wp\/v2\/pages\/984\/revisions\/1229"}],"wp:attachment":[{"href":"https:\/\/cmercedes-bue.infd.edu.ar\/sitio\/wp-json\/wp\/v2\/media?parent=984"}],"curies":[{"name":"wp","href":"https:\/\/api.w.org\/{rel}","templated":true}]}}