{"id":909,"date":"2021-11-19T09:59:56","date_gmt":"2021-11-19T12:59:56","guid":{"rendered":"https:\/\/cmercedes-bue.infd.edu.ar\/sitio\/?page_id=909"},"modified":"2026-02-09T17:09:17","modified_gmt":"2026-02-09T20:09:17","slug":"inscripcion-examenes-diciembre-2021","status":"publish","type":"page","link":"https:\/\/cmercedes-bue.infd.edu.ar\/sitio\/inscripcion-examenes-diciembre-2021\/","title":{"rendered":"Mesas de Ex\u00e1menes Febrero Marzo 2026"},"content":{"rendered":"\n<p>Ya se encuentra abierta la inscripci\u00f3n a ex\u00e1menes de forma virtual a trav\u00e9s de un formulario de Google. Antes de completar la inscripci\u00f3n consulta fechas y horarios, a\u00f1o y carrera de la materia y nombre del profesor para agilizar el proceso. <\/p>\n\n\n\n<p>Tenes que completar un formulario por cada materia que tengas que rendir.<\/p>\n\n\n\n<p><a href=\"https:\/\/docs.google.com\/document\/d\/1hkUu0Yb0gHX3wqQPEQarnAI1gmrb8vX3xzDYj05RdeY\/edit?usp=sharing\" target=\"_blank\" rel=\"noreferrer noopener\">Podes consultar las fechas y horarios en este Link<\/a><\/p>\n\n\n\n<p><\/p>\n\n\n\n<p>Para inscribirte complet\u00e1 el formulario correspondiente <a href=\"https:\/\/forms.gle\/YbumWhJfpNZF6k1n6\"> <\/a>(Completar uno por Materia)<\/p>\n\n\n\n<p><a href=\"https:\/\/forms.gle\/xrHRZPS76zbPtBNm7\" data-type=\"URL\" data-id=\"https:\/\/docs.google.com\/forms\/d\/e\/1FAIpQLSdiFBOrFqw08FOBUbcM8LleCMk3ZeR-rSn1asGJS0USpvwGhQ\/viewform?usp=sharing\">FORMULARIO DE INSCRIPCION FOBA<\/a><\/p>\n\n\n\n<p><a href=\"https:\/\/forms.gle\/6eSAywHZtndXyfQU8\" data-type=\"URL\" data-id=\"https:\/\/docs.google.com\/forms\/d\/e\/1FAIpQLSd9obL204kJAktKvoTSFecxN5mhw2_Cdgoi752it3cIitOpuQ\/viewform?usp=sharing\">FORMULARIO DE INSCRIPCION PROFESORADOS<\/a><\/p>\n","protected":false},"excerpt":{"rendered":"<p>Ya se encuentra abierta la inscripci\u00f3n a ex\u00e1menes de forma virtual a trav\u00e9s de un formulario de Google. Antes de completar la inscripci\u00f3n consulta fechas y horarios, a\u00f1o y carrera de la materia y nombre del profesor para agilizar el proceso. Tenes que completar un formulario por cada materia que tengas que rendir. Podes consultar &#8230; <a title=\"Mesas de Ex\u00e1menes Febrero Marzo 2026\" class=\"read-more\" href=\"https:\/\/cmercedes-bue.infd.edu.ar\/sitio\/inscripcion-examenes-diciembre-2021\/\" aria-label=\"More on Mesas de Ex\u00e1menes Febrero Marzo 2026\">[+]<\/a><\/p>\n","protected":false},"author":321,"featured_media":0,"parent":0,"menu_order":0,"comment_status":"closed","ping_status":"closed","template":"","meta":[],"acf":[],"_links":{"self":[{"href":"https:\/\/cmercedes-bue.infd.edu.ar\/sitio\/wp-json\/wp\/v2\/pages\/909"}],"collection":[{"href":"https:\/\/cmercedes-bue.infd.edu.ar\/sitio\/wp-json\/wp\/v2\/pages"}],"about":[{"href":"https:\/\/cmercedes-bue.infd.edu.ar\/sitio\/wp-json\/wp\/v2\/types\/page"}],"author":[{"embeddable":true,"href":"https:\/\/cmercedes-bue.infd.edu.ar\/sitio\/wp-json\/wp\/v2\/users\/321"}],"replies":[{"embeddable":true,"href":"https:\/\/cmercedes-bue.infd.edu.ar\/sitio\/wp-json\/wp\/v2\/comments?post=909"}],"version-history":[{"count":23,"href":"https:\/\/cmercedes-bue.infd.edu.ar\/sitio\/wp-json\/wp\/v2\/pages\/909\/revisions"}],"predecessor-version":[{"id":1235,"href":"https:\/\/cmercedes-bue.infd.edu.ar\/sitio\/wp-json\/wp\/v2\/pages\/909\/revisions\/1235"}],"wp:attachment":[{"href":"https:\/\/cmercedes-bue.infd.edu.ar\/sitio\/wp-json\/wp\/v2\/media?parent=909"}],"curies":[{"name":"wp","href":"https:\/\/api.w.org\/{rel}","templated":true}]}}