{"id":851,"date":"2021-05-11T15:58:16","date_gmt":"2021-05-11T18:58:16","guid":{"rendered":"https:\/\/cmercedes-bue.infd.edu.ar\/sitio\/?page_id=851"},"modified":"2026-03-17T15:33:01","modified_gmt":"2026-03-17T18:33:01","slug":"solicitud-de-equivalencias","status":"publish","type":"page","link":"https:\/\/cmercedes-bue.infd.edu.ar\/sitio\/solicitud-de-equivalencias\/","title":{"rendered":"Solicitud de Equivalencias"},"content":{"rendered":"<h3>Condiciones para la solicitud de equivalencias.<\/h3>\n<p>El alumno que desee solicitar equivalencias en la instituci\u00f3n deber\u00e1 presentar la siguiente documentaci\u00f3n:<\/p>\n<ul>\n<li>Nota de solicitud de la totalidad de las materias que quiere que se reconozcan por equivalencia, aprobadas en la misma instituci\u00f3n o en otra instituci\u00f3n educativa de estudios superiores reconocidos oficialmente, que integren el plan de estudios o dise\u00f1o curricular de la carrera en la que solicita. <a href=\"https:\/\/drive.google.com\/file\/d\/1_5Ki1aQcp5cFzT-SO66Jun1LYMzxols6\/view?usp=sharing\" target=\"_blank\" rel=\"noopener\">Anexo (Formulario de solicitud de equivalencias. Resumen)<\/a><\/li>\n<li>Completar la Planilla de solicitud para cada materia. Deber\u00e1 completar una planilla para cada unidad curricular o materia. <a href=\"https:\/\/drive.google.com\/file\/d\/15Oayc9cHQb22WJiaIJdsBoPS3-ADwbsj\/view?usp=sharing\" target=\"_blank\" rel=\"noopener\">Anexo (Solicitud\u00a0 de equivalencia por asignatura)<\/a><\/li>\n<li>Fotocopia de DNI<\/li>\n<li>Fotocopia de los programas de las materias, con firma y sello de la instituci\u00f3n donde se aprob\u00f3<\/li>\n<li>Certificado anal\u00edtico de estudios realizados, emitido por la instituci\u00f3n en donde se aprob\u00f3 la materia, en donde figuren las materias que quiere que se consideren para equivalencia.<\/li>\n<\/ul>\n<p>Es fundamental para la realizaci\u00f3n de las equivalencias que se presente toda la documentaci\u00f3n anteriormente solicitada (planillas completas con los datos impresos y fotocopias) de manera presencial en el Conservatorio hasta el 30 de Abril.<\/p>\n<p>Luego, cuando se lo solicite desde la instituci\u00f3n, deber\u00e1 acercar a la misma, en formato papel toda la documentaci\u00f3n en un folio.<\/p>\n<p><strong>ANEXOS:<\/strong><\/p>\n<p><a href=\"https:\/\/drive.google.com\/file\/d\/1_5Ki1aQcp5cFzT-SO66Jun1LYMzxols6\/view?usp=sharing\" target=\"_blank\" rel=\"noopener\">Planilla de solicitud de equivalencias (Resumen)<\/a><\/p>\n<p><a href=\"https:\/\/drive.google.com\/file\/d\/15Oayc9cHQb22WJiaIJdsBoPS3-ADwbsj\/view?usp=sharing\" target=\"_blank\" rel=\"noopener\">Planilla de solicitud de equivalencias por asignaturas.<\/a><\/p>\n<p><strong>AYUDA:<\/strong><\/p>\n<p>La planilla resumen es una para todos los espacios que solicita equivalencia.<\/p>\n<p>La planilla de solicitud por asignatura, deber\u00e1 confeccionarse una por cada materia o espacio curricular.<\/p>\n","protected":false},"excerpt":{"rendered":"<p>Condiciones para la solicitud de equivalencias. El alumno que desee solicitar equivalencias en la instituci\u00f3n deber\u00e1 presentar la siguiente documentaci\u00f3n: Nota de solicitud de la totalidad de las materias que quiere que se reconozcan por equivalencia, aprobadas en la misma instituci\u00f3n o en otra instituci\u00f3n educativa de estudios superiores reconocidos oficialmente, que integren el plan &#8230; <a title=\"Solicitud de Equivalencias\" class=\"read-more\" href=\"https:\/\/cmercedes-bue.infd.edu.ar\/sitio\/solicitud-de-equivalencias\/\" aria-label=\"More on Solicitud de Equivalencias\">[+]<\/a><\/p>\n","protected":false},"author":321,"featured_media":0,"parent":0,"menu_order":0,"comment_status":"closed","ping_status":"closed","template":"","meta":[],"acf":[],"_links":{"self":[{"href":"https:\/\/cmercedes-bue.infd.edu.ar\/sitio\/wp-json\/wp\/v2\/pages\/851"}],"collection":[{"href":"https:\/\/cmercedes-bue.infd.edu.ar\/sitio\/wp-json\/wp\/v2\/pages"}],"about":[{"href":"https:\/\/cmercedes-bue.infd.edu.ar\/sitio\/wp-json\/wp\/v2\/types\/page"}],"author":[{"embeddable":true,"href":"https:\/\/cmercedes-bue.infd.edu.ar\/sitio\/wp-json\/wp\/v2\/users\/321"}],"replies":[{"embeddable":true,"href":"https:\/\/cmercedes-bue.infd.edu.ar\/sitio\/wp-json\/wp\/v2\/comments?post=851"}],"version-history":[{"count":11,"href":"https:\/\/cmercedes-bue.infd.edu.ar\/sitio\/wp-json\/wp\/v2\/pages\/851\/revisions"}],"predecessor-version":[{"id":1245,"href":"https:\/\/cmercedes-bue.infd.edu.ar\/sitio\/wp-json\/wp\/v2\/pages\/851\/revisions\/1245"}],"wp:attachment":[{"href":"https:\/\/cmercedes-bue.infd.edu.ar\/sitio\/wp-json\/wp\/v2\/media?parent=851"}],"curies":[{"name":"wp","href":"https:\/\/api.w.org\/{rel}","templated":true}]}}