{"id":841,"date":"2021-03-10T15:38:23","date_gmt":"2021-03-10T18:38:23","guid":{"rendered":"https:\/\/cmercedes-bue.infd.edu.ar\/sitio\/?page_id=841"},"modified":"2026-02-25T11:22:57","modified_gmt":"2026-02-25T14:22:57","slug":"horarios-cursada-2021","status":"publish","type":"page","link":"https:\/\/cmercedes-bue.infd.edu.ar\/sitio\/horarios-cursada-2021\/","title":{"rendered":"Horarios Cursada 2026"},"content":{"rendered":"<p>Aqu\u00ed podes consultar los horarios y profesores de todas las materias por nivel.<\/p>\n<p>(De momento puede estar sujeto a cambios)<\/p>\n<p><a href=\"https:\/\/docs.google.com\/spreadsheets\/d\/1MOjylVei3QXT0PIWCe2u-aA188vydJqHq40mRFHlIOo\/edit?usp=sharing\">Horarios Foba Ni\u00f1os &#8211; (Iniciaci\u00f3n Musical)<\/a><\/p>\n<p><a href=\"https:\/\/docs.google.com\/spreadsheets\/d\/1IfZYvPawIw1yJeS82I5aDpAykkaEgTAGQV5bILqyueE\/edit?usp=sharing\">Horarios Foba Educaci\u00f3n Musical (Intensivo)<\/a><\/p>\n<p><a href=\"https:\/\/docs.google.com\/spreadsheets\/d\/1F8mfg0MO1kfaez9a5f9H4N9wKf4GpUmnBCpdS_CQ0HQ\/edit?usp=sharing\">Horarios Foba Instrumento<\/a><\/p>\n<p><a href=\"https:\/\/docs.google.com\/spreadsheets\/d\/1Q6cumaykRUM1rT4lrWRkG3rLKmIS8aSCU22GZxZdbOo\/edit?usp=sharing\">Horarios Foba Canto<\/a><\/p>\n<p><a href=\"https:\/\/docs.google.com\/spreadsheets\/d\/1UIJsEU8BwpsFo1wsXoFikM4itHWWXyyetZjbdnSGK1k\/edit?usp=sharing\">Horarios Todos los Profesorados<\/a><\/p>\n<p>Horarios Profesores de Canto e Instrumento \/ Instrumento Arm\u00f3nico.<\/p>\n","protected":false},"excerpt":{"rendered":"<p>Aqu\u00ed podes consultar los horarios y profesores de todas las materias por nivel. (De momento puede estar sujeto a cambios) Horarios Foba Ni\u00f1os &#8211; (Iniciaci\u00f3n Musical) Horarios Foba Educaci\u00f3n Musical (Intensivo) Horarios Foba Instrumento Horarios Foba Canto Horarios Todos los Profesorados Horarios Profesores de Canto e Instrumento \/ Instrumento Arm\u00f3nico.<\/p>\n","protected":false},"author":321,"featured_media":0,"parent":0,"menu_order":0,"comment_status":"closed","ping_status":"closed","template":"","meta":[],"acf":[],"_links":{"self":[{"href":"https:\/\/cmercedes-bue.infd.edu.ar\/sitio\/wp-json\/wp\/v2\/pages\/841"}],"collection":[{"href":"https:\/\/cmercedes-bue.infd.edu.ar\/sitio\/wp-json\/wp\/v2\/pages"}],"about":[{"href":"https:\/\/cmercedes-bue.infd.edu.ar\/sitio\/wp-json\/wp\/v2\/types\/page"}],"author":[{"embeddable":true,"href":"https:\/\/cmercedes-bue.infd.edu.ar\/sitio\/wp-json\/wp\/v2\/users\/321"}],"replies":[{"embeddable":true,"href":"https:\/\/cmercedes-bue.infd.edu.ar\/sitio\/wp-json\/wp\/v2\/comments?post=841"}],"version-history":[{"count":11,"href":"https:\/\/cmercedes-bue.infd.edu.ar\/sitio\/wp-json\/wp\/v2\/pages\/841\/revisions"}],"predecessor-version":[{"id":1243,"href":"https:\/\/cmercedes-bue.infd.edu.ar\/sitio\/wp-json\/wp\/v2\/pages\/841\/revisions\/1243"}],"wp:attachment":[{"href":"https:\/\/cmercedes-bue.infd.edu.ar\/sitio\/wp-json\/wp\/v2\/media?parent=841"}],"curies":[{"name":"wp","href":"https:\/\/api.w.org\/{rel}","templated":true}]}}