{"id":831,"date":"2021-03-09T10:06:54","date_gmt":"2021-03-09T13:06:54","guid":{"rendered":"https:\/\/cmercedes-bue.infd.edu.ar\/sitio\/?page_id=831"},"modified":"2021-03-09T10:06:54","modified_gmt":"2021-03-09T13:06:54","slug":"plan-de-estudio-foba-canto-popular","status":"publish","type":"page","link":"https:\/\/cmercedes-bue.infd.edu.ar\/sitio\/plan-de-estudio-foba-canto-popular\/","title":{"rendered":"Plan de estudio Foba Canto Popular"},"content":{"rendered":"<p><strong>MUSICA<\/strong><\/p>\n<p><strong>FORMACION BASICA PARA JOVENES Y ADULTOS<\/strong><\/p>\n<p><strong>(CANTO \u2013 M\u00daSICA POPULAR)<\/strong><\/p>\n<p><strong>1er. a\u00f1o<\/strong><\/p>\n<table>\n<tbody>\n<tr>\n<td colspan=\"3\" width=\"577\"><strong>Area de Produccion<\/strong><\/td>\n<td width=\"577\"><strong>Area de Lenguaje Musical<\/strong><\/td>\n<\/tr>\n<tr>\n<td width=\"192\"><strong>Canto I<\/strong><\/p>\n<p><strong>64 hs reloj anuales<\/strong><\/td>\n<td width=\"192\"><strong>Trabajo corporal<\/strong><\/p>\n<p><strong>64 hs reloj anuales<\/strong><\/td>\n<td width=\"192\"><strong>Foniatr\u00eda<\/strong><\/p>\n<p><strong>64 hs reloj anuales<\/strong><\/td>\n<td width=\"577\"><strong>Lenguaje Musical I<\/strong><\/p>\n<p><strong>128 hs reloj anuales<\/strong><\/td>\n<\/tr>\n<tr>\n<td colspan=\"4\" width=\"1154\"><strong>TOTAL HORAS NIVEL: 384<\/strong><\/td>\n<\/tr>\n<tr>\n<td width=\"138\"><\/td>\n<td width=\"141\"><\/td>\n<td width=\"143\"><\/td>\n<td width=\"319\"><\/td>\n<\/tr>\n<\/tbody>\n<\/table>\n<p>&nbsp;<\/p>\n<p><strong>2do. Nivel<\/strong><\/p>\n<table width=\"1144\">\n<tbody>\n<tr>\n<td colspan=\"4\" width=\"489\"><strong>Area de Produccion<\/strong><\/td>\n<td colspan=\"2\" width=\"445\"><strong>Area de Lenguaje Musical<\/strong><\/td>\n<td colspan=\"2\" width=\"211\"><strong>\u00c1rea de recepci\u00f3n y vinculaciones contextuales<\/strong><\/td>\n<\/tr>\n<tr>\n<td width=\"82\"><strong>Canto II<\/strong><\/p>\n<p><strong>64 hs<\/strong><\/td>\n<td width=\"129\"><strong>Repertorio I<\/strong><\/p>\n<p><strong>32 hs reloj<\/strong><\/td>\n<td width=\"142\"><strong>Practica de Conjunto vocal e instrumental I<\/strong><\/p>\n<p><strong>64 hs<\/strong><\/td>\n<td width=\"136\"><strong>Dicci\u00f3n portuguesa<\/strong><\/p>\n<p><strong>64 hs<\/strong><\/td>\n<td width=\"135\"><strong>Practica Coral<\/strong><\/p>\n<p><strong>64 hs<\/strong><\/td>\n<td width=\"310\"><strong>Lenguaje Musical II<\/strong><\/p>\n<p><strong>128 hs reloj anuales<\/strong><\/td>\n<td width=\"16\"><strong>\u00a0<\/strong><\/td>\n<td width=\"195\"><strong>Apreciaci\u00f3n musical I<\/strong><\/p>\n<p><strong>64 hs reloj<\/strong><\/td>\n<\/tr>\n<tr>\n<td colspan=\"8\" width=\"1144\"><strong>TOTAL HORAS DEL NIVEL:480<\/strong><\/td>\n<\/tr>\n<tr>\n<td width=\"82\"><\/td>\n<td width=\"129\"><\/td>\n<td width=\"142\"><\/td>\n<td width=\"136\"><\/td>\n<td width=\"135\"><\/td>\n<td width=\"310\"><\/td>\n<td width=\"16\"><\/td>\n<td width=\"195\"><\/td>\n<\/tr>\n<\/tbody>\n<\/table>\n<p><strong>\u00a0<\/strong><\/p>\n<p><strong>3er. NIVEL<\/strong><\/p>\n<table>\n<tbody>\n<tr>\n<td colspan=\"5\" width=\"588\"><strong>\u00c1rea de Producci\u00f3n<\/strong><\/td>\n<td width=\"182\"><strong>\u00c1rea de Lenguaje Musical<\/strong><\/td>\n<td colspan=\"3\" width=\"385\"><strong>\u00c1rea de recepci\u00f3n y vinculaciones contextuales<\/strong><\/td>\n<\/tr>\n<tr>\n<td width=\"117\"><strong>Canto III<\/strong><\/p>\n<p><strong>64 hs<\/strong><\/td>\n<td width=\"118\"><strong>Repertorio II<\/strong><\/p>\n<p><strong>32 hs reloj<\/strong><\/td>\n<td width=\"117\"><strong>Practica de Conjunto vocal e instrumental II<\/strong><\/p>\n<p><strong>64 hs<\/strong><\/td>\n<td width=\"118\"><strong>Dicci\u00f3n inglesa<\/strong><\/p>\n<p><strong>64 hs<\/strong><\/td>\n<td width=\"118\"><strong>Instrumento arm\u00f3nico<\/strong><\/p>\n<p><strong>32 hs<\/strong><\/td>\n<td width=\"182\"><strong>Lenguaje Musical III<\/strong><\/p>\n<p><strong>128 hs reloj anuales<\/strong><\/td>\n<td width=\"128\"><strong>Apreciaci\u00f3n musical\u00a0 del lenguaje del\u00a0 jazz<\/strong><\/p>\n<p><strong>32 hs<\/strong><\/p>\n<p><strong>\u00a0<\/strong><\/td>\n<td width=\"128\"><strong>Apreciaci\u00f3n musical del lenguaje del tango<\/strong><\/p>\n<p><strong>32 hs<\/strong><\/p>\n<p><strong>\u00a0<\/strong><\/td>\n<td width=\"128\"><strong>Apreciaci\u00f3n musical del lenguaje del folklore<\/strong><\/p>\n<p><strong>32 hs<\/strong><\/p>\n<p><strong>\u00a0<\/strong><\/td>\n<\/tr>\n<tr>\n<td colspan=\"9\" width=\"1154\"><strong>TOTAL HORAS NIVEL 480<\/strong><\/td>\n<\/tr>\n<tr>\n<td width=\"74\"><\/td>\n<td width=\"120\"><\/td>\n<td width=\"140\"><\/td>\n<td width=\"89\"><\/td>\n<td width=\"136\"><\/td>\n<td width=\"107\"><\/td>\n<td width=\"134\"><\/td>\n<td width=\"134\"><\/td>\n<td width=\"134\"><\/td>\n<\/tr>\n<\/tbody>\n<\/table>\n<p><strong>\u00a0<\/strong><\/p>\n<p><strong>FORMACI\u00d3N B\u00c1SICA PARA ADOLESCENTES Y ADULTOS (Canto \u2013 M\u00fasica Popular) CORRELATIVIDADES <\/strong><\/p>\n<p><strong>2do. NIVEL <\/strong><\/p>\n<table>\n<tbody>\n<tr>\n<td width=\"406\"><strong>ESPACIO CURRICULAR <\/strong><\/td>\n<td width=\"612\"><strong>Requisitos para cursar: <\/strong><\/p>\n<p>(Acreditados al comienzo del Ciclo Lectivo o en condiciones de compensar hasta julio-agosto, por ser correlativos)<\/td>\n<\/tr>\n<tr>\n<td width=\"406\">Canto II<\/td>\n<td width=\"612\">Canto I\u2028Lenguaje Musical Nivel I (M\u00f3dulo 1-2)<\/td>\n<\/tr>\n<tr>\n<td width=\"406\">Repertorio I<\/td>\n<td width=\"612\">Canto I\u2028Lenguaje Musical Nivel I (M\u00f3dulo 1-2)<\/td>\n<\/tr>\n<tr>\n<td width=\"406\">Pr\u00e1ctica de Conjunto vocal e ins- trumental I<\/td>\n<td width=\"612\">Canto I\u2028Lenguaje Musical Nivel I (M\u00f3dulo 1-2)<\/td>\n<\/tr>\n<tr>\n<td width=\"406\">Pr\u00e1ctica Coral<\/td>\n<td width=\"612\">Lenguaje Musical Nivel I (M\u00f3dulo 1-2)<\/td>\n<\/tr>\n<tr>\n<td width=\"406\">Dicci\u00f3n Portuguesa<\/td>\n<td width=\"612\"><\/td>\n<\/tr>\n<tr>\n<td width=\"406\">Lenguaje Musical Nivel II (M\u00f3dulos 3\u20134)<\/td>\n<td width=\"612\">Lenguaje Musical Nivel I (M\u00f3dulo 1-2)<\/td>\n<\/tr>\n<tr>\n<td width=\"406\">Apreciaci\u00f3n Musical I<\/td>\n<td width=\"612\">Canto I\u2028Lenguaje Musical Nivel I (M\u00f3dulo 1-2 )<\/td>\n<\/tr>\n<\/tbody>\n<\/table>\n<p><strong>\u00a0<\/strong><strong>3er. NIVEL <\/strong><\/p>\n<table>\n<tbody>\n<tr>\n<td width=\"489\"><strong>ESPACIO CURRICULAR <\/strong><\/td>\n<td width=\"529\"><strong>Requisitos para cursar: <\/strong><\/p>\n<p>(Acreditados al comienzo del Ciclo Lectivo o en condiciones de compensar hasta julio-agosto, por ser correlativos)<\/td>\n<\/tr>\n<tr>\n<td width=\"489\">Canto III<\/td>\n<td width=\"529\">Canto II\u2028Repertorio I\u2028Lenguaje Musical Nivel II (M\u00f3dulo 3-4) Dicci\u00f3n Portuguesa<\/td>\n<\/tr>\n<tr>\n<td width=\"489\">Repertorio II<\/td>\n<td width=\"529\">Repertorio I\u2028Canto II\u2028Lenguaje Musical Nivel II (M\u00f3dulo 3-4) Dicci\u00f3n portuguesa<\/td>\n<\/tr>\n<tr>\n<td width=\"489\">Pr\u00e1ctica de conjunto vocal e instrumental II<\/td>\n<td width=\"529\">Lenguaje Musical Nivel II (M\u00f3dulos 3\u20134)<\/td>\n<\/tr>\n<tr>\n<td width=\"489\">Instrumento arm\u00f3nico (piano)<\/td>\n<td width=\"529\">Lenguaje Musical Nivel II (M\u00f3dulos 3)<\/td>\n<\/tr>\n<tr>\n<td width=\"489\">Dicci\u00f3n Inglesa<\/td>\n<td width=\"529\"><\/td>\n<\/tr>\n<tr>\n<td width=\"489\">Lenguaje Musical Nivel III (M\u00f3dulos 5\u20136)<\/td>\n<td width=\"529\">Lenguaje Musical Nivel II (M\u00f3dulo 3-4)<\/td>\n<\/tr>\n<tr>\n<td width=\"489\">Apreciaci\u00f3n Musical del Lenguaje del Jazz<\/td>\n<td width=\"529\">Apreciaci\u00f3n Musical I\u2028Canto II\u2028Lenguaje Musical Nivel II (M\u00f3dulo 3-4)<\/td>\n<\/tr>\n<tr>\n<td width=\"489\">Apreciaci\u00f3n Musical del Lenguaje del Folklore<\/td>\n<td width=\"529\">Apreciaci\u00f3n Musical I\u2028Canto II\u2028Lenguaje Musical Nivel II (M\u00f3dulo 3-4)<\/td>\n<\/tr>\n<tr>\n<td width=\"489\">Apreciaci\u00f3n Musical del Lenguaje del Tango<\/td>\n<td width=\"529\">Apreciaci\u00f3n Musical I\u2028Canto II\u2028Lenguaje Musical Nivel II (M\u00f3dulo 3-4)<\/td>\n<\/tr>\n<\/tbody>\n<\/table>\n<p>&nbsp;<\/p>\n","protected":false},"excerpt":{"rendered":"<p>MUSICA FORMACION BASICA PARA JOVENES Y ADULTOS (CANTO \u2013 M\u00daSICA POPULAR) 1er. a\u00f1o Area de Produccion Area de Lenguaje Musical Canto I 64 hs reloj anuales Trabajo corporal 64 hs reloj anuales Foniatr\u00eda 64 hs reloj anuales Lenguaje Musical I 128 hs reloj anuales TOTAL HORAS NIVEL: 384 &nbsp; 2do. Nivel Area de Produccion Area &#8230; <a title=\"Plan de estudio Foba Canto Popular\" class=\"read-more\" href=\"https:\/\/cmercedes-bue.infd.edu.ar\/sitio\/plan-de-estudio-foba-canto-popular\/\" aria-label=\"More on Plan de estudio Foba Canto Popular\">[+]<\/a><\/p>\n","protected":false},"author":321,"featured_media":0,"parent":0,"menu_order":0,"comment_status":"closed","ping_status":"closed","template":"","meta":[],"acf":[],"_links":{"self":[{"href":"https:\/\/cmercedes-bue.infd.edu.ar\/sitio\/wp-json\/wp\/v2\/pages\/831"}],"collection":[{"href":"https:\/\/cmercedes-bue.infd.edu.ar\/sitio\/wp-json\/wp\/v2\/pages"}],"about":[{"href":"https:\/\/cmercedes-bue.infd.edu.ar\/sitio\/wp-json\/wp\/v2\/types\/page"}],"author":[{"embeddable":true,"href":"https:\/\/cmercedes-bue.infd.edu.ar\/sitio\/wp-json\/wp\/v2\/users\/321"}],"replies":[{"embeddable":true,"href":"https:\/\/cmercedes-bue.infd.edu.ar\/sitio\/wp-json\/wp\/v2\/comments?post=831"}],"version-history":[{"count":2,"href":"https:\/\/cmercedes-bue.infd.edu.ar\/sitio\/wp-json\/wp\/v2\/pages\/831\/revisions"}],"predecessor-version":[{"id":833,"href":"https:\/\/cmercedes-bue.infd.edu.ar\/sitio\/wp-json\/wp\/v2\/pages\/831\/revisions\/833"}],"wp:attachment":[{"href":"https:\/\/cmercedes-bue.infd.edu.ar\/sitio\/wp-json\/wp\/v2\/media?parent=831"}],"curies":[{"name":"wp","href":"https:\/\/api.w.org\/{rel}","templated":true}]}}