{"id":826,"date":"2021-03-09T10:02:36","date_gmt":"2021-03-09T13:02:36","guid":{"rendered":"https:\/\/cmercedes-bue.infd.edu.ar\/sitio\/?page_id=826"},"modified":"2021-03-09T10:02:36","modified_gmt":"2021-03-09T13:02:36","slug":"plan-de-estudio-formacion-basica-adultos-foba","status":"publish","type":"page","link":"https:\/\/cmercedes-bue.infd.edu.ar\/sitio\/plan-de-estudio-formacion-basica-adultos-foba\/","title":{"rendered":"Plan de Estudio Formaci\u00f3n b\u00e1sica Adultos (FOBA)"},"content":{"rendered":"<p><strong>ESTRUCTURA CURRICULAR MUSICA<\/strong><\/p>\n<p><strong>FORMACION BASICA PARA J\u00d3VENES Y ADULTOS<\/strong><\/p>\n<p><strong>1er.NIVEL<\/strong><\/p>\n<table>\n<tbody>\n<tr>\n<td width=\"577\">\u00c1rea de Producci\u00f3n<\/p>\n<p>&nbsp;<\/td>\n<td width=\"577\">\u00c1rea del Lenguaje Musical<\/td>\n<\/tr>\n<tr>\n<td width=\"577\">Instrumento nivel I<\/p>\n<p>64 hs reloj anuales<\/td>\n<td width=\"577\">Lenguaje Musical I<\/p>\n<p>128 hs reloj anuales<\/td>\n<\/tr>\n<tr>\n<td colspan=\"2\" width=\"1154\">&nbsp;<\/p>\n<p><strong>TOTAL DE HORAS NIVEL 192<\/strong><\/td>\n<\/tr>\n<\/tbody>\n<\/table>\n<p>&nbsp;<\/p>\n<p>2do. NIVEL<\/p>\n<table>\n<tbody>\n<tr>\n<td colspan=\"2\" width=\"577\">\u00c1rea de Producci\u00f3n<\/td>\n<td width=\"289\">Area del Lenguaje Musical<\/td>\n<td width=\"289\">Area de Recepci\u00f3n y Vinculaciones contextuales<\/td>\n<\/tr>\n<tr>\n<td width=\"289\">INSTRUMENTO Nivel II<\/p>\n<p>64 hs reloj anuales<\/td>\n<td width=\"289\">Practica de Conjunto vocal e Instrumental I<\/p>\n<p>64 hs reloj anuales<\/td>\n<td width=\"289\">Lenguaje Musical II<\/p>\n<p>&nbsp;<\/p>\n<p>128 hs reloj anuales<\/td>\n<td width=\"289\">Apreciaci\u00f3n musical I<\/p>\n<p>&nbsp;<\/p>\n<p>64 hs reloj anuales<\/td>\n<\/tr>\n<tr>\n<td colspan=\"4\" width=\"1154\"><strong>\u00a0<\/strong><\/p>\n<p><strong>TOTAL DE HORAS NIVEL 384<\/strong><\/td>\n<\/tr>\n<tr>\n<td width=\"194\"><\/td>\n<td width=\"185\"><\/td>\n<td width=\"172\"><\/td>\n<td width=\"189\"><\/td>\n<\/tr>\n<\/tbody>\n<\/table>\n<p>&nbsp;<\/p>\n<p>3er. NIVEL<\/p>\n<p>&nbsp;<\/p>\n<table>\n<tbody>\n<tr>\n<td colspan=\"4\" width=\"575\">&nbsp;<\/p>\n<p>Area de la Producci\u00f3n<\/td>\n<td width=\"286\">Area del Lenguaje Musical<\/td>\n<td width=\"286\">Area de Recepci\u00f3n y Vinculaciones contextuales<\/td>\n<\/tr>\n<tr>\n<td width=\"144\">Instrumento nivel III<\/p>\n<p>64 hs reloj anuales<\/td>\n<td width=\"144\">Instrumento arm\u00f3nico<\/p>\n<p>64 hs reloj anuales<\/td>\n<td width=\"144\">Practica de Conjunto Vocal e Instrumental II<\/p>\n<p>64 hs reloj anuales<\/td>\n<td width=\"143\">Practica Coral<\/p>\n<p>&nbsp;<\/p>\n<p>64 hseloj anuales<\/td>\n<td width=\"286\">Lenguaje Musical nivel III<\/p>\n<p>&nbsp;<\/p>\n<p>128 hs reloj anuales<\/p>\n<p>&nbsp;<\/td>\n<td width=\"286\">Apreciaci\u00f3n musical II<\/p>\n<p>&nbsp;<\/p>\n<p>64 hs reloj anuales<\/td>\n<\/tr>\n<tr>\n<td colspan=\"6\" width=\"1147\">&nbsp;<\/p>\n<p><strong>TOTAL HORAS NIVEL:448<\/strong><\/td>\n<\/tr>\n<tr>\n<td width=\"111\"><\/td>\n<td width=\"111\"><\/td>\n<td width=\"113\"><\/td>\n<td width=\"93\"><\/td>\n<td width=\"146\"><\/td>\n<td width=\"166\"><\/td>\n<\/tr>\n<\/tbody>\n<\/table>\n<p><strong>\u00a0<\/strong><\/p>\n<p><strong>\u00a0<\/strong><\/p>\n<p><strong>FORMACI\u00d3N B\u00c1SICA PARA J\u00d3VENES Y ADULTOS CORRELATIVIDADES <\/strong><\/p>\n<p><strong>2do. NIVEL <\/strong><\/p>\n<table>\n<tbody>\n<tr>\n<td width=\"406\"><strong>ESPACIO CURRICULAR <\/strong><\/td>\n<td width=\"612\"><strong>Requisitos para cursar: <\/strong><\/p>\n<p>(Acreditados al comienzo del Ciclo Lectivo o en condiciones de compensar hasta julio-agosto, por ser correlativos)<\/td>\n<\/tr>\n<tr>\n<td width=\"406\">Instrumento Nivel II (M\u00f3dulos 3\u20134)<\/td>\n<td width=\"612\">Instrumento Nivel I (M\u00f3dulo 1 \u2013 2) Lenguaje Musical Nivel I (M\u00f3dulo 1-2)<\/td>\n<\/tr>\n<tr>\n<td width=\"406\">Pr\u00e1ctica de conjunto vocal e instrumental I<\/td>\n<td width=\"612\">Instrumento Nivel I (M\u00f3dulo 1) Lenguaje Musical Nivel I (M\u00f3dulo 1-2)<\/td>\n<\/tr>\n<tr>\n<td width=\"406\">Pr\u00e1ctica Coral<\/td>\n<td width=\"612\">Lenguaje Musical Nivel I (M\u00f3dulo 1-2)<\/td>\n<\/tr>\n<tr>\n<td width=\"406\">Lenguaje Musical Nivel II (M\u00f3dulos 3\u20134)<\/td>\n<td width=\"612\">Lenguaje Musical Nivel I (M\u00f3dulo 1-2)<\/td>\n<\/tr>\n<tr>\n<td width=\"406\">Apreciaci\u00f3n Musical I<\/td>\n<td width=\"612\">Instrumento Nivel I (M\u00f3dulo 1 \u2013 2) Lenguaje Musical Nivel I (M\u00f3dulo 1-2 )<\/td>\n<\/tr>\n<\/tbody>\n<\/table>\n<p><strong>\u00a0<\/strong><\/p>\n<p><strong>3er. NIVEL <\/strong><\/p>\n<table>\n<tbody>\n<tr>\n<td width=\"472\"><strong>ESPACIO CURRICULAR <\/strong><\/td>\n<td width=\"546\"><strong>Requisitos para cursar: <\/strong><\/p>\n<p>(Acreditados al comienzo del Ciclo Lectivo o en condiciones de compensar hasta julio-agosto, por ser correlativos)<\/td>\n<\/tr>\n<tr>\n<td width=\"472\">Instrumento Nivel III (M\u00f3dulos 5\u20136)<\/td>\n<td width=\"546\">Instrumento Nivel II (M\u00f3dulo 3-4) Lenguaje Musical Nivel II (M\u00f3dulo 3-4)<\/td>\n<\/tr>\n<tr>\n<td width=\"472\">Instrumento arm\u00f3nico<\/td>\n<td width=\"546\">Lenguaje Musical Nivel II (M\u00f3dulos 3\u20134)<\/td>\n<\/tr>\n<tr>\n<td width=\"472\">Pr\u00e1ctica de conjunto vocal e instrumental II<\/td>\n<td width=\"546\">Instrumento Nivel II (M\u00f3dulo 3) Lenguaje Musical Nivel II (M\u00f3dulos 3\u20134)<\/td>\n<\/tr>\n<tr>\n<td width=\"472\">Pr\u00e1ctica Coral<\/td>\n<td width=\"546\">&nbsp;<\/td>\n<\/tr>\n<tr>\n<td width=\"472\">Lenguaje Musical Nivel III (M\u00f3dulos 5\u20136)<\/td>\n<td width=\"546\">Lenguaje Musical Nivel II (M\u00f3dulo 3-4)<\/td>\n<\/tr>\n<tr>\n<td width=\"472\">Apreciaci\u00f3n Musical II<\/td>\n<td width=\"546\">Apreciaci\u00f3n Musical I\u2028Instrumento Nivel II (M\u00f3dulo 3-4) Lenguaje Musical Nivel II (M\u00f3dulo 3-4)<\/td>\n<\/tr>\n<\/tbody>\n<\/table>\n<p>&nbsp;<\/p>\n","protected":false},"excerpt":{"rendered":"<p>ESTRUCTURA CURRICULAR MUSICA FORMACION BASICA PARA J\u00d3VENES Y ADULTOS 1er.NIVEL \u00c1rea de Producci\u00f3n &nbsp; \u00c1rea del Lenguaje Musical Instrumento nivel I 64 hs reloj anuales Lenguaje Musical I 128 hs reloj anuales &nbsp; TOTAL DE HORAS NIVEL 192 &nbsp; 2do. NIVEL \u00c1rea de Producci\u00f3n Area del Lenguaje Musical Area de Recepci\u00f3n y Vinculaciones contextuales INSTRUMENTO &#8230; <a title=\"Plan de Estudio Formaci\u00f3n b\u00e1sica Adultos (FOBA)\" class=\"read-more\" href=\"https:\/\/cmercedes-bue.infd.edu.ar\/sitio\/plan-de-estudio-formacion-basica-adultos-foba\/\" aria-label=\"More on Plan de Estudio Formaci\u00f3n b\u00e1sica Adultos (FOBA)\">[+]<\/a><\/p>\n","protected":false},"author":321,"featured_media":0,"parent":0,"menu_order":0,"comment_status":"closed","ping_status":"closed","template":"","meta":[],"acf":[],"_links":{"self":[{"href":"https:\/\/cmercedes-bue.infd.edu.ar\/sitio\/wp-json\/wp\/v2\/pages\/826"}],"collection":[{"href":"https:\/\/cmercedes-bue.infd.edu.ar\/sitio\/wp-json\/wp\/v2\/pages"}],"about":[{"href":"https:\/\/cmercedes-bue.infd.edu.ar\/sitio\/wp-json\/wp\/v2\/types\/page"}],"author":[{"embeddable":true,"href":"https:\/\/cmercedes-bue.infd.edu.ar\/sitio\/wp-json\/wp\/v2\/users\/321"}],"replies":[{"embeddable":true,"href":"https:\/\/cmercedes-bue.infd.edu.ar\/sitio\/wp-json\/wp\/v2\/comments?post=826"}],"version-history":[{"count":2,"href":"https:\/\/cmercedes-bue.infd.edu.ar\/sitio\/wp-json\/wp\/v2\/pages\/826\/revisions"}],"predecessor-version":[{"id":828,"href":"https:\/\/cmercedes-bue.infd.edu.ar\/sitio\/wp-json\/wp\/v2\/pages\/826\/revisions\/828"}],"wp:attachment":[{"href":"https:\/\/cmercedes-bue.infd.edu.ar\/sitio\/wp-json\/wp\/v2\/media?parent=826"}],"curies":[{"name":"wp","href":"https:\/\/api.w.org\/{rel}","templated":true}]}}