{"id":811,"date":"2021-03-09T09:26:35","date_gmt":"2021-03-09T12:26:35","guid":{"rendered":"https:\/\/cmercedes-bue.infd.edu.ar\/sitio\/?page_id=811"},"modified":"2025-11-10T19:18:16","modified_gmt":"2025-11-10T22:18:16","slug":"preguntas-frecuentes","status":"publish","type":"page","link":"https:\/\/cmercedes-bue.infd.edu.ar\/sitio\/preguntas-frecuentes\/","title":{"rendered":"Preguntas Frecuentes"},"content":{"rendered":"<p><strong>Preguntas frecuentes:<\/strong><\/p>\n<p><strong>\u00bfCu\u00e1les son las condiciones del estudiante regular?<\/strong><br \/>\n\u2022 Acreditar al menos 1 (una) unidad curricular por a\u00f1o calendario.<br \/>\n\u2022 Renovar su inscripci\u00f3n anualmente<br \/>\n\u2022 Cumplir con el porcentaje de asistencia requeridos en las cursadas seg\u00fan<br \/>\nr\u00e9gimen adoptado.<br \/>\n<strong>\u00bfCu\u00e1l es la validez de las cursadas?<\/strong><br \/>\nLa aprobaci\u00f3n de la cursada tendr\u00e1 una validez de 5 a\u00f1os. Pasados dos a\u00f1os de la<br \/>\naprobaci\u00f3n de la cursada, la evaluaci\u00f3n final se ajustar\u00e1 a la propuesta de c\u00e1tedra<br \/>\nvigente al momento de la presentaci\u00f3n del estudiante a la instancia de acreditaci\u00f3n.<br \/>\n<strong>\u00bfCu\u00e1les son las condiciones para inscribirme a una materia como libre?<\/strong><br \/>\nLas condiciones son las mismas que para las materias con cursada, con respecto a las<br \/>\ncorrelatividades.<br \/>\nAl inicio de cada ciclo, el estudiante podr\u00e1 inscribirse como libre hasta un 30% de las<br \/>\nunidades curriculares con formato de materia establecidas por a\u00f1o calendario.<br \/>\nQuedan exceptuados de este r\u00e9gimen los talleres, seminarios, Espacios Institucionales,<br \/>\nEspacio de definici\u00f3n institucional, campos de la Pr\u00e1ctica docente y profesional.<br \/>\nVerificar al momento de la inscripci\u00f3n, cuales son las materias que se pueden rendir<br \/>\nlibre, de acuerdo al Plan de Evaluaci\u00f3n Institucional, esto significa que es propio y<br \/>\ndiferente en cada instituci\u00f3n.<br \/>\n<strong>\u00bfPuedo rendir en condici\u00f3n de libre las materias del FOBA (Formaci\u00f3n B\u00e1sica J\u00f3venes<\/strong><br \/>\n<strong>y Adultos y Formaci\u00f3n B\u00e1sica de canto popular)?<\/strong><br \/>\nEn este caso todas las materias pueden rendirse libre ya que lo que se busca es la<br \/>\nacreditaci\u00f3n de saberes previos a las carreras.<br \/>\nNo as\u00ed en la Formaci\u00f3n B\u00e1sica para ni\u00f1os.<br \/>\n<strong>\u00bfQu\u00e9 debo hacer despu\u00e9s de inscribirme en una materia libre?<\/strong><br \/>\nEs condici\u00f3n que el alumno se ponga en contacto con el docente de la asignatura a fin<br \/>\nde recibir el programa y un asesoramiento para la preparaci\u00f3n y condiciones para la<br \/>\nacreditaci\u00f3n de la misma.<br \/>\n<strong>\u00bfCu\u00e1les son las condiciones para entrar en el Profesorado?<\/strong><br \/>\nSer\u00e1 condici\u00f3n para la inscripci\u00f3n al primer a\u00f1o de las carreras de Formaci\u00f3n Art\u00edstica<br \/>\nde nivel Superior, haber cursado Estudios secundarios completos, y acreditar Formaci\u00f3n<\/p>\n<p>B\u00e1sica en saberes vinculados a las particularidades<br \/>\nde cada una de las disciplinas art\u00edsticas y a las de la carrera a la cual pretende ingresar.<br \/>\nPresentar la documentaci\u00f3n solicitada por la instituci\u00f3n.<br \/>\n<strong>Si no es el primer a\u00f1o que curso en el Conservatorio \u00bfDebo anotarme igual todos los<\/strong><br \/>\n<strong>a\u00f1os?<\/strong><br \/>\nSi, es condici\u00f3n obligatoria reinscribirse todos los a\u00f1os, completando las planillas<br \/>\ncorrespondientes a la o las carreras que se desean cursar.<br \/>\n<strong>\u00bfPuedo cursar una materia del a\u00f1o siguiente si debo una materia del a\u00f1o anterior?<\/strong><br \/>\nEs fundamental que el alumno se comprometa y revise su situaci\u00f3n con respecto a las<br \/>\ncorrelatividades, ya que es su responsabilidad, hay un r\u00e9gimen de correlatividades que<br \/>\nse debe cumplir.<br \/>\nSe puede comenzar a cursar materias del a\u00f1o siguiente como condicional, si la cursada<br \/>\ncorrelativa anterior est\u00e1 aprobada (adeudando el examen final) deber\u00e1 acreditar con<br \/>\nexamen final dicha materia en el llamado de agosto. Si no acreditara en el llamado de<br \/>\nagosto, se cae la condicionalidad y deber\u00e1 dejar de cursar esa materia.<br \/>\nEn el caso de que se adeude una materia libre, no podr\u00e1 cursar la materia siguiente, ni<br \/>\nen forma condicional.<br \/>\nEs cursada por cursada, final por final, a excepci\u00f3n de materias promocionales.<br \/>\nSi se cursan o rinden materias cuyas correlatividades no est\u00e1n acreditadas<br \/>\npreviamente, no ser\u00e1n tenidas en cuenta, debiendo recusarlas para completar el plan<br \/>\nde estudios.<br \/>\n<strong>\u00bfCu\u00e1ndo puedo solicitar equivalencias?<\/strong><br \/>\nSe podr\u00e1 acreditar Unidades Curriculares mediante r\u00e9gimen de equivalencia.<br \/>\nLas equivalencias podr\u00e1n comprender la Unidad curricular completa (equivalencia total)<br \/>\no una parte de la misma (equivalencia parcial). En este \u00faltimo caso, se implementar\u00e1 un<br \/>\ntrayecto de actualizaci\u00f3n de saberes. Se trata de saberes acreditados en la misma<br \/>\ninstituci\u00f3n o en otras instituciones del mismo nivel.<br \/>\nPara solicitar el reconocimiento no podr\u00e1 exceder los seis \u00faltimos a\u00f1os desde la fecha<br \/>\nde acreditaci\u00f3n final de la asignatura.<br \/>\n<strong>\u00bfCu\u00e1les son los requisitos para solicitar equivalencias?<\/strong><br \/>\nEl alumno que quiera que se reconozca equivalencias en la instituci\u00f3n deber\u00e1 presentar:<br \/>\n\u2022 Nota de solicitud de la totalidad de las materias que quiere que se reconozcan<br \/>\npor equivalencia, aprobadas en la misma instituci\u00f3n o en otra instituci\u00f3n<br \/>\neducativa, de estudios superiores reconocidos oficialmente, que integran el plan<br \/>\nde estudios o dise\u00f1o curricular de la carrera en la que solicita. Anexo (formulario<br \/>\nsolicitud de equivalencia. Resumen)<br \/>\n\u2022 Completar la Planilla de solicitud por cada materia. Deber\u00e1 completar una<br \/>\nplanilla por cada unidad curricular o materia. Anexo (solicitud de equivalencia<br \/>\npor asignatura)<br \/>\n\u2022 Fotocopia de DNI.<br \/>\n\u2022 Fotocopia de los programas de las materias, con firma y sello de la instituci\u00f3n en<br \/>\ndonde se aprob\u00f3.<br \/>\n\u2022 Certificado anal\u00edtico de estudios realizados, emitido por la Instituci\u00f3n en donde<br \/>\naprob\u00f3 la materia, en donde figuren las materias que quiere se consideren para<br \/>\nla equivalencia.<br \/>\nEs fundamental para realizaci\u00f3n de las equivalencias que se presenten toda la<br \/>\ndocumentaci\u00f3n solicitada anteriormente sin excepci\u00f3n. Enviando dicha documentaci\u00f3n<br \/>\nal mail conservatoriomercedes@gmail.com, en asunto colocar SOLICITUD DE<br \/>\nEQUIVALENCIAS.<br \/>\nLuego cuando se lo solicite desde la instituci\u00f3n, deber\u00e1n acercar a la misma, en formato<br \/>\npapel toda la documentaci\u00f3n en un folio.<br \/>\nEl alumno deber\u00e1 comenzar a cursar la materia hasta tanto se defina su solicitud de<br \/>\nequivalencias.<br \/>\nEl Formulario de solicitud de equivalencias. Resumen y solicitud de equivalencias por<br \/>\nasignaturas se encuentra disponible en esta p\u00e1gina.<\/p>\n<p><a href=\"https:\/\/cmercedes-bue.infd.edu.ar\/sitio\/horarios-cursada-2021\/\">Para consultar horarios de cursada hace click aqui<\/a><\/p>\n","protected":false},"excerpt":{"rendered":"<p>Preguntas frecuentes: \u00bfCu\u00e1les son las condiciones del estudiante regular? \u2022 Acreditar al menos 1 (una) unidad curricular por a\u00f1o calendario. \u2022 Renovar su inscripci\u00f3n anualmente \u2022 Cumplir con el porcentaje de asistencia requeridos en las cursadas seg\u00fan r\u00e9gimen adoptado. \u00bfCu\u00e1l es la validez de las cursadas? La aprobaci\u00f3n de la cursada tendr\u00e1 una validez de &#8230; <a title=\"Preguntas Frecuentes\" class=\"read-more\" href=\"https:\/\/cmercedes-bue.infd.edu.ar\/sitio\/preguntas-frecuentes\/\" aria-label=\"More on Preguntas Frecuentes\">[+]<\/a><\/p>\n","protected":false},"author":321,"featured_media":0,"parent":0,"menu_order":0,"comment_status":"closed","ping_status":"closed","template":"","meta":[],"acf":[],"_links":{"self":[{"href":"https:\/\/cmercedes-bue.infd.edu.ar\/sitio\/wp-json\/wp\/v2\/pages\/811"}],"collection":[{"href":"https:\/\/cmercedes-bue.infd.edu.ar\/sitio\/wp-json\/wp\/v2\/pages"}],"about":[{"href":"https:\/\/cmercedes-bue.infd.edu.ar\/sitio\/wp-json\/wp\/v2\/types\/page"}],"author":[{"embeddable":true,"href":"https:\/\/cmercedes-bue.infd.edu.ar\/sitio\/wp-json\/wp\/v2\/users\/321"}],"replies":[{"embeddable":true,"href":"https:\/\/cmercedes-bue.infd.edu.ar\/sitio\/wp-json\/wp\/v2\/comments?post=811"}],"version-history":[{"count":3,"href":"https:\/\/cmercedes-bue.infd.edu.ar\/sitio\/wp-json\/wp\/v2\/pages\/811\/revisions"}],"predecessor-version":[{"id":1220,"href":"https:\/\/cmercedes-bue.infd.edu.ar\/sitio\/wp-json\/wp\/v2\/pages\/811\/revisions\/1220"}],"wp:attachment":[{"href":"https:\/\/cmercedes-bue.infd.edu.ar\/sitio\/wp-json\/wp\/v2\/media?parent=811"}],"curies":[{"name":"wp","href":"https:\/\/api.w.org\/{rel}","templated":true}]}}