{"id":805,"date":"2021-03-03T16:53:32","date_gmt":"2021-03-03T19:53:32","guid":{"rendered":"https:\/\/cmercedes-bue.infd.edu.ar\/sitio\/?page_id=805"},"modified":"2026-02-10T10:44:37","modified_gmt":"2026-02-10T13:44:37","slug":"re-inscripcion-2021-todos-los-niveles","status":"publish","type":"page","link":"https:\/\/cmercedes-bue.infd.edu.ar\/sitio\/inicio\/re-inscripcion-2021-todos-los-niveles\/","title":{"rendered":"Re INSCRIPCI\u00d3N 2026- TODOS LOS NIVELES"},"content":{"rendered":"<p>A partir del 10 de Febrero se encuentra abierta la re inscripci\u00f3n para todos los niveles en modalidad online.<\/p>\n<p>Si adeudas materias correlativas y las vas a rendir en el turno de Febrero te recomendamos que esperes a concluir esa instancia para completar la Re Inscripci\u00f3n.<\/p>\n<p>A continuaci\u00f3n encontraras los links a las planillas de re inscripci\u00f3n para todos los niveles, presta atenci\u00f3n y eleg\u00ed el formulario correspondiente y por favor completa todos los datos:<\/p>\n<p><strong>Formaci\u00f3n B\u00e1sica:<\/strong><\/p>\n<p><a href=\"https:\/\/forms.gle\/KwzPo1FmRXo9b7ke9\">Re Inscripci\u00f3n para Foba II &#8211; Foba III Ni\u00f1os (iniciaci\u00f3n Musical)<\/a><\/p>\n<p><a href=\"https:\/\/forms.gle\/hG8X4Sg8jrEPt7Sp8\">Re Inscripci\u00f3n para Foba II &#8211; Foba III para Instrumento\u00a0<\/a><\/p>\n<p><a href=\"https:\/\/forms.gle\/DCNnKsdiGUMycV6k6\">Re Inscripci\u00f3n para Foba II &#8211; Foba III para Canto M\u00fasica Popular.<\/a><\/p>\n<p><strong>Profesorados:<\/strong><\/p>\n<p><a href=\"https:\/\/forms.gle\/bnT6deSchqghVuog9\">Re inscripci\u00f3n Profesorado Educaci\u00f3n Musical.<\/a><\/p>\n<p><a href=\"https:\/\/forms.gle\/QNKHbq1Zp8aMsWRG7\">Re Inscripci\u00f3n Profesorado Instrumento.<\/a><\/p>\n<p><a href=\"https:\/\/forms.gle\/Mr1pszfmSwbwAQHG6\">Re Inscripci\u00f3n Profesorado Canto M\u00fasica Popular.<\/a><\/p>\n<p><strong>Tecnicaturas<\/strong><\/p>\n<p><a href=\"https:\/\/forms.gle\/WpCY7crjuD3Mimtz8\">Re Inscripci\u00f3n Tecnicatura\u00a0 en Capacitaci\u00f3n Instrumental<\/a><\/p>\n<p><a href=\"https:\/\/docs.google.com\/forms\/d\/e\/1FAIpQLSfCzPwjoYF6zOUvimCkIQKfnLMbh8JMQxEIdG0jJLHzWbuzTQ\/viewform?usp=dialog\">Re Inscripci\u00f3n Tecnicatura en Capacitaci\u00f3n Vocal &#8211; Canto &#8211; M\u00fasica Popular<\/a><\/p>\n<div dir=\"auto\">\u00a0<\/div>\n\n\n<p><\/p>\n","protected":false},"excerpt":{"rendered":"<p>A partir del 10 de Febrero se encuentra abierta la re inscripci\u00f3n para todos los niveles en modalidad online. Si adeudas materias correlativas y las vas a rendir en el turno de Febrero te recomendamos que esperes a concluir esa instancia para completar la Re Inscripci\u00f3n. A continuaci\u00f3n encontraras los links a las planillas de &#8230; <a title=\"Re INSCRIPCI\u00d3N 2026- TODOS LOS NIVELES\" class=\"read-more\" href=\"https:\/\/cmercedes-bue.infd.edu.ar\/sitio\/inicio\/re-inscripcion-2021-todos-los-niveles\/\" aria-label=\"More on Re INSCRIPCI\u00d3N 2026- TODOS LOS NIVELES\">[+]<\/a><\/p>\n","protected":false},"author":321,"featured_media":0,"parent":286,"menu_order":0,"comment_status":"closed","ping_status":"closed","template":"","meta":[],"acf":[],"_links":{"self":[{"href":"https:\/\/cmercedes-bue.infd.edu.ar\/sitio\/wp-json\/wp\/v2\/pages\/805"}],"collection":[{"href":"https:\/\/cmercedes-bue.infd.edu.ar\/sitio\/wp-json\/wp\/v2\/pages"}],"about":[{"href":"https:\/\/cmercedes-bue.infd.edu.ar\/sitio\/wp-json\/wp\/v2\/types\/page"}],"author":[{"embeddable":true,"href":"https:\/\/cmercedes-bue.infd.edu.ar\/sitio\/wp-json\/wp\/v2\/users\/321"}],"replies":[{"embeddable":true,"href":"https:\/\/cmercedes-bue.infd.edu.ar\/sitio\/wp-json\/wp\/v2\/comments?post=805"}],"version-history":[{"count":22,"href":"https:\/\/cmercedes-bue.infd.edu.ar\/sitio\/wp-json\/wp\/v2\/pages\/805\/revisions"}],"predecessor-version":[{"id":1238,"href":"https:\/\/cmercedes-bue.infd.edu.ar\/sitio\/wp-json\/wp\/v2\/pages\/805\/revisions\/1238"}],"up":[{"embeddable":true,"href":"https:\/\/cmercedes-bue.infd.edu.ar\/sitio\/wp-json\/wp\/v2\/pages\/286"}],"wp:attachment":[{"href":"https:\/\/cmercedes-bue.infd.edu.ar\/sitio\/wp-json\/wp\/v2\/media?parent=805"}],"curies":[{"name":"wp","href":"https:\/\/api.w.org\/{rel}","templated":true}]}}