{"id":793,"date":"2022-11-01T12:49:32","date_gmt":"2022-11-01T15:49:32","guid":{"rendered":"https:\/\/cmercedes-bue.infd.edu.ar\/sitio\/?page_id=793"},"modified":"2025-11-28T16:48:49","modified_gmt":"2025-11-28T19:48:49","slug":"pre-inscripcion-ingresantes-2021","status":"publish","type":"page","link":"https:\/\/cmercedes-bue.infd.edu.ar\/sitio\/inicio\/pre-inscripcion-ingresantes-2021\/","title":{"rendered":"Pre &#8211; INSCRIPCI\u00d3N INGRESANTES FOBA 2026"},"content":{"rendered":"<h2>Lee atentamente la descripci\u00f3n de los Formularios<\/h2>\n<h2>para completar solo el que corresponda:<\/h2>\n<p><b>Taller de Iniciaci\u00f3n\u00a0Musical para Ni\u00f1os:<\/b><\/p>\n<p>El taller de iniciaci\u00f3n musical esta destinado a alumnos de 9 a 13 a\u00f1os que desean tocar un instrumento e introducirse en el estudio de la m\u00fasica.<\/p>\n<p>Consta de una clase semanal del instrumento y una clase de lenguaje musical dos veces por semana en horario vespertino (de 17:30\u00a0 19HS)<\/p>\n<p><a href=\"https:\/\/forms.gle\/qwhhUxYnGqyyQZxs5\">Para completar el formulario de inscripci\u00f3n de iniciaci\u00f3n haga click aqu\u00ed.<\/a><\/p>\n<p>Para descargar la documentaci\u00f3n necesaria y las planillas que tenes que completar hace <a href=\"https:\/\/drive.google.com\/file\/d\/1UDdK0hBOIvOYt8unp1rXf1qV3mc03ZvX\/view?usp=sharing\">Click Aqu<\/a>i<\/p>\n<p>_______________________________________________________________________________________________________________________________<\/p>\n<p><strong>FOBA I Instrumento. Formaci\u00f3n b\u00e1sica para adultos (a partir de 14 a\u00f1os)<\/strong><\/p>\n<p>La formaci\u00f3n b\u00e1sica garantiza los conocimientos necesarios para el ingreso al Profesorado de Instrumento del conservatorio. Tiene una duraci\u00f3n de tres a\u00f1os pudiendo rendirse libre o nivelar si ya se poseen conocimientos previos de m\u00fasica.<\/p>\n<p>El primer a\u00f1o de la formaci\u00f3n b\u00e1sica consta de una clase semanal de instrumento y una clase grupal dos veces por semana de lenguaje musical, pudiendo elegir dos opciones de Horario, en Turno Ma\u00f1ana y Turno Vespertino.<\/p>\n<p><a href=\"https:\/\/forms.gle\/L727X187mvoBiDvY9\">Para completar el formulario de inscripci\u00f3n de Foba I haga click aqu\u00ed.<\/a><\/p>\n<p>Para descargar la documentaci\u00f3n necesaria y las planillas que tenes que completar hace\u00a0<a href=\"https:\/\/drive.google.com\/file\/d\/1vce05aE94ychxAdLxCLdcWmMPMpTeZyG\/view?usp=sharing\">Click Aqui<\/a><\/p>\n<p>____________________________________________________________________________________________________________________________<\/p>\n<p><strong>FOBA I EDUCACION MUSICAL:<\/strong><\/p>\n<p>Desde el a\u00f1o 2023 contamos con una formaci\u00f3n b\u00e1sica exclusiva para el ingreso a la carrera de Profesorado Educaci\u00f3n Musical.<\/p>\n<p>Con una cursada intensiva que permite realizarla en un a\u00f1o de cursada. <a href=\"https:\/\/cmercedes-bue.infd.edu.ar\/sitio\/foba-educacion-musical\/\" target=\"_blank\" rel=\"noopener\">Para Inscripci\u00f3n y mas Informaci\u00f3n haz click aqu\u00ed.<\/a><\/p>\n<p>_____________________________________________________________________________________________________________________________<\/p>\n<p><strong>FOBA I CANTO Formaci\u00f3n b\u00e1sica para adultos Canto<\/strong><\/p>\n<p>La formaci\u00f3n b\u00e1sica garantiza los conocimientos necesarios para el ingreso al Profesorado de Canto del conservatorio. Tiene una duraci\u00f3n de tres a\u00f1os pudiendo rendirse libre o nivelar si ya se poseen conocimientos previos de m\u00fasica.<\/p>\n<p>El primer a\u00f1o de la FOBA Canto, consta de una clase semanal de canto, una clase semanal de foniatria y una clase semanal de trabajo corporal, ademas de la materia Lenguaje m\u00fasica I que es com\u00fan al Foba de Educaci\u00f3n e Instrumento, que se cursa\u00a0dos veces por semana, pudiendo elegir tres opciones de horario, ma\u00f1ana, tarde y vespertino.<\/p>\n<p>La Foba de Canto se puede cursar a partir de los 15 a\u00f1os, y se requiere un certificado de apto vocal emitido por un otorrinolaring\u00f3logo.<\/p>\n<p><a href=\"https:\/\/forms.gle\/KGhCXx22qhmiiwU27\">Para completar el formulario de inscripci\u00f3n al Foba Canto haga click aqui.<\/a><\/p>\n<p>Para descargar la documentaci\u00f3n necesaria y las planillas que tenes que completar hace\u00a0<a href=\"https:\/\/drive.google.com\/file\/d\/1vce05aE94ychxAdLxCLdcWmMPMpTeZyG\/view?usp=sharing\">Click Aqui<\/a><\/p>\n<p>_____________________________________________________________________________________________________________________________<\/p>\n<p><strong>DOCUMENTACI\u00d3N NECESARIA:<\/strong><br \/>\nFotocopia\/Foto DNI (ambas caras) &#8211; Certificado de Estudios Cursados \/ Alumno regular. &#8211; Certificado de Salud.<br \/>\nMenores de 14 a\u00f1os: Fotocopia de libreta de vacunas.<br \/>\nCertificado de Apto Vocal, emitido por un Otorrinolaring\u00f3logo (solo para Canto)<\/p>\n<p>Para descargar la documentaci\u00f3n necesaria y las planillas que tenes que completar hace\u00a0<a href=\"https:\/\/drive.google.com\/file\/d\/1vce05aE94ychxAdLxCLdcWmMPMpTeZyG\/view?usp=sharing\">Click Aqui<\/a><\/p>\n<p><b>Para mas informaci\u00f3n y consultas pueden contactar a los preceptores del conservatorio al correo electr\u00f3nico<\/b><b>: <\/b><a style=\"font-weight: bold;\" href=\"mailto:conservatoriomercedes@abc.gob.ar\">conservatoriomercedes@abc.gob.ar<\/a><\/p>\n<p><strong>Muchas gracias.<\/strong><\/p>\n","protected":false},"excerpt":{"rendered":"<p>Lee atentamente la descripci\u00f3n de los Formularios para completar solo el que corresponda: Taller de Iniciaci\u00f3n\u00a0Musical para Ni\u00f1os: El taller de iniciaci\u00f3n musical esta destinado a alumnos de 9 a 13 a\u00f1os que desean tocar un instrumento e introducirse en el estudio de la m\u00fasica. Consta de una clase semanal del instrumento y una clase &#8230; <a title=\"Pre &#8211; INSCRIPCI\u00d3N INGRESANTES FOBA 2026\" class=\"read-more\" href=\"https:\/\/cmercedes-bue.infd.edu.ar\/sitio\/inicio\/pre-inscripcion-ingresantes-2021\/\" aria-label=\"More on Pre &#8211; INSCRIPCI\u00d3N INGRESANTES FOBA 2026\">[+]<\/a><\/p>\n","protected":false},"author":321,"featured_media":0,"parent":286,"menu_order":0,"comment_status":"closed","ping_status":"closed","template":"","meta":[],"acf":[],"_links":{"self":[{"href":"https:\/\/cmercedes-bue.infd.edu.ar\/sitio\/wp-json\/wp\/v2\/pages\/793"}],"collection":[{"href":"https:\/\/cmercedes-bue.infd.edu.ar\/sitio\/wp-json\/wp\/v2\/pages"}],"about":[{"href":"https:\/\/cmercedes-bue.infd.edu.ar\/sitio\/wp-json\/wp\/v2\/types\/page"}],"author":[{"embeddable":true,"href":"https:\/\/cmercedes-bue.infd.edu.ar\/sitio\/wp-json\/wp\/v2\/users\/321"}],"replies":[{"embeddable":true,"href":"https:\/\/cmercedes-bue.infd.edu.ar\/sitio\/wp-json\/wp\/v2\/comments?post=793"}],"version-history":[{"count":47,"href":"https:\/\/cmercedes-bue.infd.edu.ar\/sitio\/wp-json\/wp\/v2\/pages\/793\/revisions"}],"predecessor-version":[{"id":1233,"href":"https:\/\/cmercedes-bue.infd.edu.ar\/sitio\/wp-json\/wp\/v2\/pages\/793\/revisions\/1233"}],"up":[{"embeddable":true,"href":"https:\/\/cmercedes-bue.infd.edu.ar\/sitio\/wp-json\/wp\/v2\/pages\/286"}],"wp:attachment":[{"href":"https:\/\/cmercedes-bue.infd.edu.ar\/sitio\/wp-json\/wp\/v2\/media?parent=793"}],"curies":[{"name":"wp","href":"https:\/\/api.w.org\/{rel}","templated":true}]}}