{"id":749,"date":"2018-08-29T15:29:37","date_gmt":"2018-08-29T18:29:37","guid":{"rendered":"https:\/\/cmercedes-bue.infd.edu.ar\/sitio\/plan-de-estudios-3\/"},"modified":"2021-03-09T09:58:26","modified_gmt":"2021-03-09T12:58:26","slug":"plan-de-estudios-3","status":"publish","type":"page","link":"https:\/\/cmercedes-bue.infd.edu.ar\/sitio\/plan-de-estudios-3\/","title":{"rendered":"Plan de estudio Canto (Res.13234\/99)"},"content":{"rendered":"<p><strong><u>PROFESORADO EN M\u00daSICA (Orientaci\u00f3n INSTRUMENTO \u2013 CANTO en M\u00daSICA POPULAR) 1er. A\u00d1O <\/u><\/strong><\/p>\n<table>\n<tbody>\n<tr>\n<td colspan=\"3\" width=\"337\">ESPACIO DE LA FUNDAMENTACI\u00d3N PEDAG\u00d3GICA<\/td>\n<td width=\"140\">&nbsp;<\/p>\n<p>ESPACIO DE LA ESPECIALIZACI\u00d3N POR NIVELES<\/td>\n<td colspan=\"8\" width=\"751\">&nbsp;<\/p>\n<p>ESPACIO DE LA ORIENTACI\u00d3N<\/td>\n<\/tr>\n<tr>\n<td colspan=\"3\" rowspan=\"2\" width=\"337\">192 hs. reloj anuales<\/td>\n<td rowspan=\"2\" width=\"140\">64 hs. reloj anuales<\/td>\n<td colspan=\"8\" width=\"751\">448 hs. reloj anuales<\/td>\n<\/tr>\n<tr>\n<td colspan=\"6\" width=\"571\">Area de Producci\u00f3n 256 hs.<\/td>\n<td width=\"76\">Area de Lenguaje\u2013 Recepc<\/td>\n<td width=\"98\">Area de Vinculaciones Contextuales<\/td>\n<\/tr>\n<tr>\n<td width=\"156\">PerspectivaFilos\u00f3fico- Pedag\u00f3gica I<\/td>\n<td width=\"90\">&nbsp;<\/p>\n<p>Perspectiva Pedag\u00f3gico- Did\u00e1ctica I<\/td>\n<td width=\"84\">&nbsp;<\/p>\n<p>Perspectiva Socio- pol\u00edtica<\/td>\n<td width=\"140\">Psicolog\u00eda y Cultura en la Educaci\u00f3n<\/td>\n<td width=\"93\">Instrumento\u2013 Canto I (g\u00e9nero)<\/td>\n<td width=\"114\">Instrumento\u2013 Canto I (g\u00e9nero complementario 1)<\/td>\n<td width=\"114\">Instrumento- CantoI (g\u00e9nero complementario 2)<\/td>\n<td width=\"84\">Instrumento arm\u00f3nico I<\/td>\n<td width=\"87\">Pr\u00e1ctica de Conjunto vocal e instrumental<\/td>\n<td width=\"61\">Taller de Trabajo Corporal<\/td>\n<td width=\"76\">Elementos T\u00e9cnicos de la M\u00fasica I<\/td>\n<td width=\"98\">Historia de la M\u00fasica I<\/td>\n<\/tr>\n<tr>\n<td width=\"156\">64 hs. reloj anuales<\/td>\n<td width=\"90\">64 hs. reloj anuales<\/td>\n<td width=\"84\">&nbsp;<\/p>\n<p>64 hs. reloj anuales<\/td>\n<td width=\"140\">64 hs. reloj anuales<\/td>\n<td width=\"93\">32 hs. reloj anuales<\/td>\n<td width=\"114\">32 hs. reloj anuales<\/td>\n<td width=\"114\">32 hs. reloj anuales<\/td>\n<td width=\"84\">32 hs. reloj anuales<\/td>\n<td width=\"87\">64 hs. reloj anuales<\/td>\n<td width=\"61\">64 hs. reloj anuales<\/td>\n<td width=\"76\">128 hs. reloj anuales<\/td>\n<td width=\"98\">64 hs. reloj anuales<\/td>\n<\/tr>\n<tr>\n<td colspan=\"12\" width=\"1235\">FORMACI\u00d3N \u00c9TICA, MUNDO CONTEMPOR\u00c1NEO atraviesan todos los espacios<\/td>\n<\/tr>\n<tr>\n<td colspan=\"12\" width=\"1235\">ESPACIO DE LA PR\u00c1CTICA DOCENTE I64 hs. reloj anuales<\/td>\n<\/tr>\n<tr>\n<td colspan=\"12\" width=\"1235\">TOTAL HORAS ANUALES: 768 hs.<\/td>\n<\/tr>\n<\/tbody>\n<\/table>\n<p><strong><u>PROFESORADO EN M\u00daSICA (Orientaci\u00f3n INSTRUMENTO \u2013 CANTO en M\u00daSICA POPULAR) 2do. A\u00d1O <\/u><\/strong><\/p>\n<table>\n<tbody>\n<tr>\n<td colspan=\"2\" width=\"203\">&nbsp;<\/p>\n<p>ESPACIO DE LA FUNDAMENTACI\u00d3N PEDAG\u00d3GICA<\/td>\n<td width=\"140\">&nbsp;<\/p>\n<p>ESPACIO DE LA ESPECIALIZACI\u00d3N POR NIVELES<\/td>\n<td colspan=\"6\" width=\"683\">&nbsp;<\/p>\n<p>ESPACIO DE LA ORIENTACI\u00d3N<\/td>\n<\/tr>\n<tr>\n<td colspan=\"2\" rowspan=\"2\" width=\"203\">128 hs. reloj anuales<\/td>\n<td rowspan=\"2\" width=\"140\">64 hs. reloj anuales<\/td>\n<td colspan=\"6\" width=\"683\">448 hs. reloj anuales<\/td>\n<\/tr>\n<tr>\n<td colspan=\"3\" width=\"316\">Area de Producci\u00f3n 160 hs.<\/td>\n<td width=\"151\">Area de Lenguaje- Recepci\u00f3n<\/td>\n<td width=\"101\">Area de Vinculaciones Contextuales<\/td>\n<td width=\"105\">Espacio Institucional<\/td>\n<\/tr>\n<tr>\n<td width=\"97\">Perspectiva Filos\u00f3fico- Pedag\u00f3gica II<\/td>\n<td width=\"102\">Perspectiva Pedag\u00f3gico- Did\u00e1ctica II<\/td>\n<td width=\"140\">Psicolog\u00eda y Cultura en la ni\u00f1ez<\/td>\n<td width=\"105\">Instrumento \u2013 Canto II<\/td>\n<td width=\"90\">Instrumento arm\u00f3nico II<\/td>\n<td width=\"114\">Pr\u00e1ctica de Conjunto del g\u00e9nero I<\/td>\n<td width=\"151\">Elementos T\u00e9cnicos del G\u00e9nero I<\/td>\n<td width=\"101\">Historia de la M\u00fasica II<\/td>\n<td width=\"105\">&nbsp;<\/td>\n<\/tr>\n<tr>\n<td width=\"97\">64 hs. reloj anuales<\/td>\n<td width=\"102\">64 hs. reloj anuales<\/td>\n<td width=\"140\">64 hs. reloj anuales<\/td>\n<td width=\"105\">64 hs. reloj anuales<\/td>\n<td width=\"90\">32 hs. reloj anuales<\/td>\n<td width=\"114\">64 hs. reloj anuales<\/td>\n<td width=\"151\">128 hs. reloj anuales<\/td>\n<td width=\"101\">64 hs. reloj anuales<\/td>\n<td width=\"105\">96 hs. reloj anuales<\/td>\n<\/tr>\n<tr>\n<td colspan=\"9\" width=\"1033\">FORMACI\u00d3N \u00c9TICA, MUNDO CONTEMPOR\u00c1NEO atraviesan todos los espacios<\/td>\n<\/tr>\n<tr>\n<td colspan=\"9\" width=\"1033\">ESPACIO DE LA PR\u00c1CTICA DOCENTE II<\/p>\n<p>64 hs. reloj anuales<\/td>\n<\/tr>\n<tr>\n<td colspan=\"9\" width=\"1033\">TOTAL HORAS ANUALES: 704<\/td>\n<\/tr>\n<\/tbody>\n<\/table>\n<p><strong><u>PROFESORADO EN M\u00daSICA (Orientaci\u00f3n INSTRUMENTO \u2013 CANTO en M\u00daSICA POPULAR) 3er. A\u00d1O <\/u><\/strong><\/p>\n<table>\n<tbody>\n<tr>\n<td colspan=\"2\" width=\"197\">&nbsp;<\/p>\n<p>ESPACIO DE LA FUNDAMENTACI\u00d3N<\/td>\n<td width=\"140\">&nbsp;<\/p>\n<p>ESPACIO DE LA ESPECIALIZACI\u00d3N POR NIVELES<\/td>\n<td colspan=\"7\" width=\"689\">ESPACIO DE LA ORIENTACI\u00d3N<\/td>\n<\/tr>\n<tr>\n<td colspan=\"2\" rowspan=\"2\" width=\"197\">128 hs. reloj anuales<\/td>\n<td rowspan=\"2\" width=\"140\">64 hs. reloj anuales<\/td>\n<td colspan=\"7\" width=\"689\">480 hs. reloj anuales<\/td>\n<\/tr>\n<tr>\n<td colspan=\"3\" width=\"248\">Area de Producci\u00f3n 192 hs.<\/td>\n<td width=\"139\">Area de Lenguaje \u2013 Recepci\u00f3n<\/td>\n<td colspan=\"2\" width=\"207\">Area de Vinculaciones Contextuales<\/td>\n<td rowspan=\"2\" width=\"84\">Espacio Institucional<\/td>\n<\/tr>\n<tr>\n<td width=\"97\">Perspectiva Filos\u00f3fico- Pedag\u00f3gica- Did\u00e1ctica<\/td>\n<td width=\"97\">Perspectiva Pol\u00edtico Institucional<\/td>\n<td width=\"140\">Psicolog\u00eda y Cultura en la juventud y adultez<\/td>\n<td width=\"84\">Instrumento Canto III<\/td>\n<td width=\"79\">Pr\u00e1ctica de Conjunto del G\u00e9nero II<\/td>\n<td width=\"78\">Ac\u00fastica<\/td>\n<td width=\"139\">Elementos T\u00e9cnicos del G\u00e9nero II<\/td>\n<td width=\"86\">Historia del G\u00e9nero<\/td>\n<td width=\"118\">M\u00fasica Latinoamericana I<\/td>\n<\/tr>\n<tr>\n<td width=\"97\">64 hs. reloj anuales<\/td>\n<td width=\"97\">64 hs. reloj anuales<\/td>\n<td width=\"140\">64 hs. reloj anuales<\/td>\n<td width=\"84\">64 hs. reloj anuales<\/td>\n<td width=\"79\">64 hs. reloj anuales<\/td>\n<td width=\"78\">64 hs. reloj anuales<\/td>\n<td width=\"139\">128 hs. reloj anuales<\/td>\n<td width=\"86\">64 hs. reloj anuales<\/td>\n<td width=\"118\">64 hs. reloj anuales<\/td>\n<td width=\"84\">32 hs. reloj anuales<\/td>\n<\/tr>\n<tr>\n<td colspan=\"10\" width=\"1033\">FORMACI\u00d3N \u00c9TICA, MUNDO CONTEMPOR\u00c1NEO atraviesan todos los espacios<\/td>\n<\/tr>\n<tr>\n<td colspan=\"10\" width=\"1033\">ESPACIO DE LA PR\u00c1CTICA DOCENTE III64 hs. reloj anuales<\/td>\n<\/tr>\n<tr>\n<td colspan=\"10\" width=\"1033\">TOTAL HORAS ANUALES: 736<\/td>\n<\/tr>\n<\/tbody>\n<\/table>\n<p>&nbsp;<\/p>\n<p><strong><u>PROFESORADO EN M\u00daSICA (Orientaci\u00f3n INSTRUMENTO \u2013 CANTO en M\u00daSICA POPULAR) 4to. A\u00d1O <\/u><\/strong><\/p>\n<table>\n<tbody>\n<tr>\n<td colspan=\"9\" width=\"1033\">&nbsp;<\/p>\n<p>ESPACIO DE LA ORIENTACI\u00d3N<\/td>\n<\/tr>\n<tr>\n<td colspan=\"9\" width=\"1033\">544 hs. reloj anuales<\/td>\n<\/tr>\n<tr>\n<td colspan=\"3\" width=\"367\">Area de Producci\u00f3n 256hs. reloj anuales<\/td>\n<td colspan=\"2\" width=\"129\">Area de Lenguaje- Recepci\u00f3n<\/td>\n<td colspan=\"3\" width=\"398\">Area de Vinculaciones Contextuales 128hs. reloj anuales<\/td>\n<td width=\"118\">Espacio Institucional<\/td>\n<\/tr>\n<tr>\n<td width=\"123\">Instrumento \u2013 Canto de G\u00e9nero IV<\/td>\n<td width=\"117\">Pr\u00e1ctica de Conjunto del G\u00e9nero III<\/td>\n<td colspan=\"2\" width=\"133\">Medios Electroac\u00fasticos<\/td>\n<td width=\"116\">Arreglos Vocales e Instrumentales<\/td>\n<td width=\"141\">Elementos T\u00e9cnicos del G\u00e9nero III<\/td>\n<td width=\"134\">M\u00fasica Latinoamericana II<\/td>\n<td width=\"115\">Medios Audiovisuales<\/td>\n<td width=\"118\">&nbsp;<\/td>\n<\/tr>\n<tr>\n<td width=\"123\">64 hs. reloj anuales<\/td>\n<td width=\"117\">64 hs. reloj anuales<\/td>\n<td colspan=\"2\" width=\"133\">64 hs. reloj anuales<\/td>\n<td width=\"116\">64 hs. reloj anuales<\/td>\n<td width=\"141\">96 hs. reloj anuales<\/td>\n<td width=\"134\">64 hs. reloj anuales<\/td>\n<td width=\"115\">64 hs. reloj anuales<\/td>\n<td width=\"118\">64 hs. reloj anuales<\/td>\n<\/tr>\n<tr>\n<td colspan=\"9\" width=\"1033\">FORMACI\u00d3N \u00c9TICA, MUNDO CONTEMPOR\u00c1NEO atraviesan todos los espacios<\/td>\n<\/tr>\n<tr>\n<td colspan=\"9\" width=\"1033\">ESPACIO DE LA PR\u00c1CTICA DOCENTE IV<\/p>\n<p>64 hs. reloj anuales<\/td>\n<\/tr>\n<tr>\n<td colspan=\"9\" width=\"1033\">TOTAL HORAS ANUALES: 608<\/td>\n<\/tr>\n<tr>\n<td width=\"86\"><\/td>\n<td width=\"71\"><\/td>\n<td width=\"111\"><\/td>\n<td width=\"3\"><\/td>\n<td width=\"101\"><\/td>\n<td width=\"82\"><\/td>\n<td width=\"112\"><\/td>\n<td width=\"99\"><\/td>\n<td width=\"88\"><\/td>\n<\/tr>\n<\/tbody>\n<\/table>\n<p><strong>T\u00edtulo: Profesor en M\u00fasica (Orientaci\u00f3n Instrumento \u2013 Canto M\u00fasica Popular) <\/strong><\/p>\n<p>&nbsp;<\/p>\n<p>&nbsp;<\/p>\n<p><strong><u>CORRELATIVIDADES <\/u><\/strong><\/p>\n<p>PROFESORADO EN M\u00daSICA (Orientaci\u00f3n INSTRUMENTO \u2013 CANTO en M\u00daSICA POPULAR)<\/p>\n<p>1er. A\u00d1O<\/p>\n<p>2do. Nivel Formaci\u00f3n B\u00e1sica (Instrumento \u2013 Canto M\u00fasica Popular)<\/p>\n<table>\n<tbody>\n<tr>\n<td colspan=\"3\" width=\"476\">&nbsp;<\/td>\n<td rowspan=\"3\" width=\"547\">Requisitos para cursar:<\/p>\n<p>(Acreditados al comienzo del Ciclo Lectivo o en condiciones de compensar hasta julio-agosto, por ser correlativos)<\/td>\n<\/tr>\n<tr>\n<td width=\"18\"><\/td>\n<td width=\"442\">Formaci\u00f3n B\u00e1sica Completa<\/td>\n<td width=\"16\"><\/td>\n<\/tr>\n<tr>\n<td colspan=\"3\" width=\"476\">&nbsp;<\/td>\n<\/tr>\n<tr>\n<td width=\"20\"><\/td>\n<td width=\"317\"><\/td>\n<td width=\"22\"><\/td>\n<td width=\"393\"><\/td>\n<\/tr>\n<\/tbody>\n<\/table>\n<p>&nbsp;<\/p>\n<p><strong><u>PROFESORADO EN M\u00daSICA (Orientaci\u00f3n INSTRUMENTO \u2013 CANTO en M\u00daSICA POPULAR)<\/u><\/strong><strong><u>\u2028<\/u><\/strong><strong><u>2do. A\u00d1O <\/u><\/strong><\/p>\n<table>\n<tbody>\n<tr>\n<td colspan=\"3\" width=\"467\">&nbsp;<\/td>\n<td rowspan=\"3\" width=\"547\">Requisitos para cursar:<\/p>\n<p>(Acreditados al comienzo del Ciclo Lectivo o en condiciones de compensar hasta julio-agosto, por ser correlativos)<\/td>\n<\/tr>\n<tr>\n<td width=\"10\"><\/td>\n<td width=\"442\">ESPACIO CURRICULAR<\/td>\n<td width=\"11\"><\/td>\n<\/tr>\n<tr>\n<td colspan=\"3\" width=\"467\">&nbsp;<\/td>\n<\/tr>\n<tr>\n<td colspan=\"3\" width=\"467\">Perspectiva Filos\u00f3fico-Pedag\u00f3gica II<\/td>\n<td width=\"547\">Perspectiva Filos\u00f3fico-Pedag\u00f3gica I<\/td>\n<\/tr>\n<tr>\n<td colspan=\"3\" width=\"467\">Perspectiva Pedag\u00f3gico-Did\u00e1ctica II<\/td>\n<td width=\"547\">Perspectiva Pedag\u00f3gico-Did\u00e1ctica I. Espacio de la Pr\u00e1ctica Docente I.<\/td>\n<\/tr>\n<tr>\n<td colspan=\"3\" width=\"467\">Psicolog\u00eda y Cultura en la ni\u00f1ez<\/td>\n<td width=\"547\">Psicolog\u00eda y Cultura en la Educaci\u00f3n<\/td>\n<\/tr>\n<tr>\n<td colspan=\"3\" width=\"467\">Instrumento \u2013 Canto II del g\u00e9nero<\/td>\n<td width=\"547\">Instrumento \u2013 Canto del g\u00e9nero I. Elementos T\u00e9cnicos de la M\u00fasica I. Historia de la M\u00fasica I<\/td>\n<\/tr>\n<tr>\n<td colspan=\"3\" width=\"467\">Instrumento arm\u00f3nico II<\/td>\n<td width=\"547\">Instrumento arm\u00f3nico I.\u2028Elementos T\u00e9cnicos de la M\u00fasica I<\/td>\n<\/tr>\n<tr>\n<td colspan=\"3\" width=\"467\">Pr\u00e1ctica de conjunto del g\u00e9nero I<\/td>\n<td width=\"547\">Pr\u00e1ctica de conjunto vocal e instrumental- Instrumento \u2013 Canto del g\u00e9nero I<\/td>\n<\/tr>\n<tr>\n<td colspan=\"3\" width=\"467\">Elementos T\u00e9cnicos del G\u00e9nero I<\/td>\n<td width=\"547\">Elementos T\u00e9cnicos de la M\u00fasica I. Historia de la M\u00fasica I.\u2028Instrumento arm\u00f3nico<\/td>\n<\/tr>\n<tr>\n<td colspan=\"3\" width=\"467\">Historia de la M\u00fasica II<\/td>\n<td width=\"547\">Historia de la M\u00fasica I.\u2028Elementos T\u00e9cnicos de la M\u00fasica I<\/td>\n<\/tr>\n<tr>\n<td colspan=\"3\" width=\"467\">Espacio de la Practica Docente II<\/td>\n<td width=\"547\">1er. a\u00f1o completo<\/td>\n<\/tr>\n<tr>\n<td width=\"20\"><\/td>\n<td width=\"342\"><\/td>\n<td width=\"22\"><\/td>\n<td width=\"365\"><\/td>\n<\/tr>\n<\/tbody>\n<\/table>\n<p>&nbsp;<\/p>\n<p>&nbsp;<\/p>\n<p>&nbsp;<\/p>\n<p><strong><u>PROFESORADO EN M\u00daSICA<\/u><\/strong><strong><u>\u2028<\/u><\/strong><strong><u>(Orientaci\u00f3n INSTRUMENTO CANTO en M\u00daSICA POPULAR) 3er. A\u00d1O<\/u><\/strong><\/p>\n<table>\n<tbody>\n<tr>\n<td colspan=\"3\" width=\"467\">&nbsp;<\/td>\n<td rowspan=\"3\" width=\"547\">Requisitos para cursar:<\/p>\n<p>(Acreditados al comienzo del Ciclo Lectivo o en condiciones de compensar hasta julio-agosto, por ser correlativos)<\/td>\n<\/tr>\n<tr>\n<td width=\"10\"><\/td>\n<td width=\"442\">ESPACIO CURRICULAR<\/td>\n<td width=\"11\"><\/td>\n<\/tr>\n<tr>\n<td colspan=\"3\" width=\"467\">&nbsp;<\/td>\n<\/tr>\n<tr>\n<td colspan=\"3\" width=\"467\">Perspectiva Filos\u00f3fico-Pedag\u00f3gica &#8211; Did\u00e1ctica<\/td>\n<td width=\"547\">Perspectiva Filos\u00f3fico-Pedag\u00f3gica II. Perspectiva Pedag\u00f3gico-Did\u00e1ctica II .Psicolog\u00eda y Cultura del sujeto que aprende I<\/td>\n<\/tr>\n<tr>\n<td colspan=\"3\" width=\"467\">Perspectiva Pol\u00edtico-Institucional<\/td>\n<td width=\"547\">Perspectiva Socio-pol\u00edtica<\/td>\n<\/tr>\n<tr>\n<td colspan=\"3\" width=\"467\">Psicolog\u00eda y Cultura en la juventud y adultez<\/td>\n<td width=\"547\">Psicolog\u00eda y Cultura en la ni\u00f1ez<\/td>\n<\/tr>\n<tr>\n<td colspan=\"3\" width=\"467\">Instrumento \u2013 Canto del G\u00e9nero III<\/td>\n<td width=\"547\">Instrumento \u2013 Canto del G\u00e9nero II. Pr\u00e1ctica de Conjunto del G\u00e9nero I .Elementos T\u00e9cnicos del G\u00e9nero II .Taller de Trabajo Corporal<\/td>\n<\/tr>\n<tr>\n<td colspan=\"3\" width=\"467\">Pr\u00e1ctica de Conjunto del G\u00e9nero II<\/td>\n<td width=\"547\">Pr\u00e1ctica de Conjunto del G\u00e9nero I. Instrumento \u2013 Canto del G\u00e9nero II .Elementos T\u00e9cnicos de la M\u00fasica I<\/td>\n<\/tr>\n<tr>\n<td colspan=\"3\" width=\"467\">Ac\u00fastica<\/td>\n<td width=\"547\">&nbsp;<\/td>\n<\/tr>\n<tr>\n<td colspan=\"3\" width=\"467\">Elementos T\u00e9cnicos del G\u00e9nero II<\/td>\n<td width=\"547\">Elementos T\u00e9cnicos del G\u00e9nero I. Historia de la M\u00fasica II<\/td>\n<\/tr>\n<tr>\n<td colspan=\"3\" width=\"467\">Historia del G\u00e9nero<\/td>\n<td width=\"547\">Historia de la M\u00fasica II. Elementos T\u00e9cnicos del G\u00e9nero I<\/td>\n<\/tr>\n<tr>\n<td colspan=\"3\" width=\"467\">M\u00fasica Latinoamericana I<\/td>\n<td width=\"547\">Historia de la M\u00fasica II. Elementos T\u00e9cnicos del G\u00e9nero I<\/td>\n<\/tr>\n<tr>\n<td colspan=\"3\" width=\"467\">Espacio de la Practica Docente III<\/td>\n<td width=\"547\">2do. A\u00f1o completo<\/td>\n<\/tr>\n<tr>\n<td width=\"20\"><\/td>\n<td width=\"343\"><\/td>\n<td width=\"22\"><\/td>\n<td width=\"364\"><\/td>\n<\/tr>\n<\/tbody>\n<\/table>\n<p>&nbsp;<\/p>\n<p>&nbsp;<\/p>\n<p><strong><u>PROFESORADO EN M\u00daSICA<\/u><\/strong><strong><u>\u2028<\/u><\/strong><strong><u>(Orientaci\u00f3n INSTRUMENTO \u2013 CANTO en M\u00daSICA POPULAR) 4to. A\u00d1O <\/u><\/strong><\/p>\n<table>\n<tbody>\n<tr>\n<td colspan=\"3\" width=\"467\">&nbsp;<\/td>\n<td rowspan=\"3\" width=\"547\">Requisitos para cursar:<\/p>\n<p>(Acreditados al comienzo del Ciclo Lectivo o en condiciones de compensar hasta julio-agosto, por ser correlativos)<\/td>\n<\/tr>\n<tr>\n<td width=\"10\"><\/td>\n<td width=\"442\">ESPACIO CURRICULAR<\/td>\n<td width=\"11\"><\/td>\n<\/tr>\n<tr>\n<td colspan=\"3\" width=\"467\">&nbsp;<\/td>\n<\/tr>\n<tr>\n<td colspan=\"3\" width=\"467\">Instrumento \u2013 Canto del G\u00e9nero IV<\/td>\n<td width=\"547\">Instrumento\u2013 Canto del G\u00e9nero III. Practica de Conjunto del Genero II.\u2028Elementos T\u00e9cnicos de M\u00fasica III. Historia de la M\u00fasica III<\/p>\n<p>Taller de M\u00fasica Popular<\/td>\n<\/tr>\n<tr>\n<td colspan=\"3\" width=\"467\">Pr\u00e1ctica de Conjunto del G\u00e9nero III<\/td>\n<td width=\"547\">Pr\u00e1ctica de Conjunto del G\u00e9nero II. \u00a0Instrumento \u2013 Canto del G\u00e9nero III . Elementos T\u00e9cnicos del G\u00e9nero I .Historia del G\u00e9nero<\/td>\n<\/tr>\n<tr>\n<td colspan=\"3\" width=\"467\">Medios Electroac\u00fasticos<\/td>\n<td width=\"547\">Ac\u00fastica<\/td>\n<\/tr>\n<tr>\n<td colspan=\"3\" width=\"467\">Arreglos Vocales e Instrumentales<\/td>\n<td width=\"547\">Elementos T\u00e9cnicos del G\u00e9nero II .Pr\u00e1ctica de Conjunto del G\u00e9nero II<\/td>\n<\/tr>\n<tr>\n<td colspan=\"3\" width=\"467\">Elementos T\u00e9cnicos del G\u00e9nero III<\/td>\n<td width=\"547\">Elementos T\u00e9cnicos del G\u00e9nero II .Historia del G\u00e9nero<\/td>\n<\/tr>\n<tr>\n<td colspan=\"3\" width=\"467\">M\u00fasica Latinoamericana II<\/td>\n<td width=\"547\">Historia del G\u00e9nero.\u2028Elementos T\u00e9cnicos del G\u00e9nero II<\/td>\n<\/tr>\n<tr>\n<td colspan=\"3\" width=\"467\">Medios Audiovisuales<\/td>\n<td width=\"547\">Historia del G\u00e9nero<\/td>\n<\/tr>\n<tr>\n<td colspan=\"3\" width=\"467\">Espacio de la Practica Docente IV<\/td>\n<td width=\"547\">3er. A\u00f1o completo<\/td>\n<\/tr>\n<tr>\n<td width=\"20\"><\/td>\n<td width=\"347\"><\/td>\n<td width=\"22\"><\/td>\n<td width=\"360\"><\/td>\n<\/tr>\n<\/tbody>\n<\/table>\n<p>&nbsp;<\/p>\n","protected":false},"excerpt":{"rendered":"<p>PROFESORADO EN M\u00daSICA (Orientaci\u00f3n INSTRUMENTO \u2013 CANTO en M\u00daSICA POPULAR) 1er. A\u00d1O ESPACIO DE LA FUNDAMENTACI\u00d3N PEDAG\u00d3GICA &nbsp; ESPACIO DE LA ESPECIALIZACI\u00d3N POR NIVELES &nbsp; ESPACIO DE LA ORIENTACI\u00d3N 192 hs. reloj anuales 64 hs. reloj anuales 448 hs. reloj anuales Area de Producci\u00f3n 256 hs. Area de Lenguaje\u2013 Recepc Area de Vinculaciones Contextuales PerspectivaFilos\u00f3fico- &#8230; <a title=\"Plan de estudio Canto (Res.13234\/99)\" class=\"read-more\" href=\"https:\/\/cmercedes-bue.infd.edu.ar\/sitio\/plan-de-estudios-3\/\" aria-label=\"More on Plan de estudio Canto (Res.13234\/99)\">[+]<\/a><\/p>\n","protected":false},"author":271,"featured_media":0,"parent":0,"menu_order":0,"comment_status":"closed","ping_status":"closed","template":"","meta":[],"acf":[],"_links":{"self":[{"href":"https:\/\/cmercedes-bue.infd.edu.ar\/sitio\/wp-json\/wp\/v2\/pages\/749"}],"collection":[{"href":"https:\/\/cmercedes-bue.infd.edu.ar\/sitio\/wp-json\/wp\/v2\/pages"}],"about":[{"href":"https:\/\/cmercedes-bue.infd.edu.ar\/sitio\/wp-json\/wp\/v2\/types\/page"}],"author":[{"embeddable":true,"href":"https:\/\/cmercedes-bue.infd.edu.ar\/sitio\/wp-json\/wp\/v2\/users\/271"}],"replies":[{"embeddable":true,"href":"https:\/\/cmercedes-bue.infd.edu.ar\/sitio\/wp-json\/wp\/v2\/comments?post=749"}],"version-history":[{"count":1,"href":"https:\/\/cmercedes-bue.infd.edu.ar\/sitio\/wp-json\/wp\/v2\/pages\/749\/revisions"}],"predecessor-version":[{"id":825,"href":"https:\/\/cmercedes-bue.infd.edu.ar\/sitio\/wp-json\/wp\/v2\/pages\/749\/revisions\/825"}],"wp:attachment":[{"href":"https:\/\/cmercedes-bue.infd.edu.ar\/sitio\/wp-json\/wp\/v2\/media?parent=749"}],"curies":[{"name":"wp","href":"https:\/\/api.w.org\/{rel}","templated":true}]}}