{"id":745,"date":"2018-08-29T15:29:36","date_gmt":"2018-08-29T18:29:36","guid":{"rendered":"https:\/\/cmercedes-bue.infd.edu.ar\/sitio\/plan-de-estudios\/"},"modified":"2024-08-01T17:54:08","modified_gmt":"2024-08-01T20:54:08","slug":"plan-de-estudios","status":"publish","type":"page","link":"https:\/\/cmercedes-bue.infd.edu.ar\/sitio\/plan-de-estudios\/","title":{"rendered":"Plan de estudio Educaci\u00f3n Musical (RESOLUCI\u00d3N 855\/11)"},"content":{"rendered":"<p>&nbsp;<\/p>\n<table dir=\"ltr\" style=\"width: 1072px; height: 3008px;\" border=\"1\" cellspacing=\"0\" cellpadding=\"0\">\n<colgroup>\n<col width=\"425\">\n<col width=\"27\">\n<col width=\"435\">\n<col width=\"139\"><\/colgroup>\n<tbody>\n<tr style=\"height: 53px;\">\n<td style=\"width: 202px; height: 53px; text-align: left;\" data-sheets-value=\"{\"><strong><span style=\"color: #000000;\">PRIMER A\u00d1O (requiere FOBA 2 completo m\u00e1s las correlativas indicadas o FOBA EDUCACION COMPLETO)<\/span><\/strong><\/td>\n<td style=\"width: 23px; height: 53px; text-align: left;\" data-sheets-value=\"{\"><strong><span style=\"color: #000000;\">Hs<\/span><\/strong><\/td>\n<td style=\"width: 216px; height: 53px; text-align: left;\" data-sheets-value=\"{\"><strong><span style=\"color: #000000;\">Correlatividades<\/span><\/strong><\/td>\n<td style=\"width: 73px; height: 53px; text-align: left;\" data-sheets-value=\"{\" data-sheets-note=\"Al inicio de cada ciclo lectivo, el estudiante podr\u00e1 inscribirse como libre hasta en un 30% de las unidades curriculares -con formato materia\u2013 establecidas por a\u00f1o calendario. Se otorgar\u00e1 a los estudiantes un plazo de un mes m\u00e1s, una vez comenzadas las clases, para que pueda modificar, reducir y\/o ampliar sus elecciones. Los estudiantes en estas condiciones podr\u00e1n presentarse en las instancias de acreditaci\u00f3n final previstas, correspondientes al per\u00edodo en que se registraron como estudiantes libres. Deber\u00e1n rendir con la propuesta pedag\u00f3gica vigente al momento de su inscripci\u00f3n. La evaluaci\u00f3n final tendr\u00e1 una instancia escrita y una oral. Se deber\u00e1 aprobar la instancia escrita con una calificaci\u00f3n no menor a 4 (cuatro) para pasar a la oral. Una vez aprobada la instancia oral, con una calificaci\u00f3n no menor a 4 (cuatro), la calificaci\u00f3n final resultar\u00e1 del promedio de ambas.\"><strong><span style=\"color: #000000;\">Se puede rendir LIBRE<\/span><\/strong><\/td>\n<\/tr>\n<tr style=\"height: 40px;\">\n<td style=\"width: 202px; height: 40px;\" data-sheets-value=\"{\">Lenguaje musical I<\/td>\n<td style=\"width: 23px; height: 40px; text-align: center;\" data-sheets-value=\"{\">128<\/td>\n<td style=\"width: 216px; height: 40px;\" data-sheets-value=\"{\">Instrumento armonico (FOBA) Lenguaje musical (FOBA) Apreciacion musical II (FOBA)<\/td>\n<td style=\"width: 73px; text-align: center; height: 40px;\" data-sheets-value=\"{\">x<\/td>\n<\/tr>\n<tr style=\"height: 40px;\">\n<td style=\"width: 202px; height: 40px;\" data-sheets-value=\"{\">Producci\u00f3n y an\u00e1lisis musical I<\/td>\n<td style=\"width: 23px; height: 40px; text-align: center;\" data-sheets-value=\"{\">64<\/td>\n<td style=\"width: 216px; height: 40px;\" data-sheets-value=\"{\">Instrumento armonico (FOBA) Lenguaje musical (FOBA) Apreciacion musical II (FOBA)<\/td>\n<td style=\"width: 73px; text-align: center; height: 40px;\" data-sheets-value=\"{\">x<\/td>\n<\/tr>\n<tr style=\"height: 14px;\">\n<td style=\"width: 202px; height: 14px;\" data-sheets-value=\"{\">Instrumento arm\u00f3nico I<\/td>\n<td style=\"width: 23px; height: 14px; text-align: center;\" data-sheets-value=\"{\">32<\/td>\n<td style=\"width: 216px; height: 14px;\" data-sheets-value=\"{\">Instrumento arm\u00f3nico (FOBA)<\/td>\n<td style=\"width: 73px; text-align: center; height: 14px;\" data-sheets-value=\"{\">x<\/td>\n<\/tr>\n<tr style=\"height: 14px;\">\n<td style=\"width: 202px; height: 14px;\" data-sheets-value=\"{\">Canto colectivo I<\/td>\n<td style=\"width: 23px; height: 14px; text-align: center;\" data-sheets-value=\"{\">64<\/td>\n<td style=\"width: 216px; height: 14px;\" data-sheets-value=\"{\">Pr\u00e1ctica Coral (FOBA)<\/td>\n<td style=\"width: 73px; text-align: center; height: 14px;\" data-sheets-value=\"{\">x<\/td>\n<\/tr>\n<tr style=\"height: 27px;\">\n<td style=\"width: 202px; height: 27px;\" data-sheets-value=\"{\">Percusi\u00f3n<\/td>\n<td style=\"width: 23px; height: 27px; text-align: center;\" data-sheets-value=\"{\">64<\/td>\n<td style=\"width: 216px; height: 27px;\" data-sheets-value=\"{\">Pr\u00e1ctico de Conjunto Vocal e Instrumental (FOBA)<\/td>\n<td style=\"width: 73px; text-align: center; height: 27px;\" data-sheets-value=\"{\">x<\/td>\n<\/tr>\n<tr style=\"height: 15px;\">\n<td style=\"width: 202px; height: 15px;\" data-sheets-value=\"{\">Trabajo Corporal<\/td>\n<td style=\"width: 23px; height: 15px; text-align: center;\" data-sheets-value=\"{\">64<\/td>\n<td style=\"width: 216px; height: 15px;\" data-sheets-value=\"{\">Lenguaje musical II (FOBA)<\/td>\n<td style=\"width: 73px; text-align: center; height: 15px;\" data-sheets-value=\"{\">x<\/td>\n<\/tr>\n<tr style=\"height: 15px;\">\n<td style=\"width: 202px; height: 15px;\" data-sheets-value=\"{\">Pr\u00e1ctica Docente I<\/td>\n<td style=\"width: 23px; height: 15px; text-align: center;\" data-sheets-value=\"{\">96<\/td>\n<td style=\"width: 216px; height: 15px;\" data-sheets-value=\"{\">Formaci\u00f3n B\u00e1sica completa<\/td>\n<td style=\"width: 73px; text-align: center; height: 15px;\"><\/td>\n<\/tr>\n<tr style=\"height: 15px;\">\n<td style=\"width: 202px; height: 15px;\" data-sheets-value=\"{\">Fundamentos de la Educaci\u00f3n<\/td>\n<td style=\"width: 23px; height: 15px; text-align: center;\" data-sheets-value=\"{\">64<\/td>\n<td style=\"width: 216px; height: 15px;\" data-sheets-value=\"{\">Formaci\u00f3n B\u00e1sica completa<\/td>\n<td style=\"width: 73px; text-align: center; height: 15px;\" data-sheets-value=\"{\">x<\/td>\n<\/tr>\n<tr style=\"height: 15px;\">\n<td style=\"width: 202px; height: 15px;\" data-sheets-value=\"{\">Psicolog\u00eda de la Educaci\u00f3n I<\/td>\n<td style=\"width: 23px; height: 15px; text-align: center;\" data-sheets-value=\"{\">64<\/td>\n<td style=\"width: 216px; height: 15px;\" data-sheets-value=\"{\">Formaci\u00f3n B\u00e1sica completa<\/td>\n<td style=\"width: 73px; text-align: center; height: 15px;\" data-sheets-value=\"{\">x<\/td>\n<\/tr>\n<tr style=\"height: 15px;\">\n<td style=\"width: 202px; height: 15px;\" data-sheets-value=\"{\">Historia Social General<\/td>\n<td style=\"width: 23px; height: 15px; text-align: center;\" data-sheets-value=\"{\">64<\/td>\n<td style=\"width: 216px; height: 15px;\" data-sheets-value=\"{\">Formaci\u00f3n B\u00e1sica completa<\/td>\n<td style=\"width: 73px; text-align: center; height: 15px;\" data-sheets-value=\"{\">x<\/td>\n<\/tr>\n<tr style=\"height: 15px;\">\n<td style=\"width: 202px; height: 15px;\" data-sheets-value=\"{\">EDI<\/td>\n<td style=\"width: 23px; height: 15px; text-align: center;\" data-sheets-value=\"{\"><\/td>\n<td style=\"width: 216px; height: 15px;\" data-sheets-value=\"{\"><\/td>\n<td style=\"width: 73px; text-align: center; height: 15px;\" data-sheets-value=\"{\"><\/td>\n<\/tr>\n<tr style=\"height: 28px;\">\n<td style=\"width: 202px; height: 28px;\" data-sheets-value=\"{\"><strong><span style=\"color: #000000;\">SEGUNDO A\u00d1O<\/span><\/strong><\/td>\n<td style=\"width: 23px; height: 28px; text-align: center;\" data-sheets-value=\"{\"><strong><span style=\"color: #000000;\">Hs<\/span><\/strong><\/td>\n<td style=\"width: 216px; height: 28px;\" data-sheets-value=\"{\"><strong><span style=\"color: #000000;\">Correlatividades<\/span><\/strong><\/td>\n<td style=\"width: 73px; text-align: center; height: 28px;\" data-sheets-value=\"{\" data-sheets-note=\"Al inicio de cada ciclo lectivo, el estudiante podr\u00e1 inscribirse como libre hasta en un 30% de las unidades curriculares -con formato materia\u2013 establecidas por a\u00f1o calendario. Se otorgar\u00e1 a los estudiantes un plazo de un mes m\u00e1s, una vez comenzadas las clases, para que pueda modificar, reducir y\/o ampliar sus elecciones. Los estudiantes en estas condiciones podr\u00e1n presentarse en las instancias de acreditaci\u00f3n final previstas, correspondientes al per\u00edodo en que se registraron como estudiantes libres. Deber\u00e1n rendir con la propuesta pedag\u00f3gica vigente al momento de su inscripci\u00f3n. La evaluaci\u00f3n final tendr\u00e1 una instancia escrita y una oral. Se deber\u00e1 aprobar la instancia escrita con una calificaci\u00f3n no menor a 4 (cuatro) para pasar a la oral. Una vez aprobada la instancia oral, con una calificaci\u00f3n no menor a 4 (cuatro), la calificaci\u00f3n final resultar\u00e1 del promedio de ambas.\"><strong><span style=\"color: #000000;\">Se puede rendir LIBRE<\/span><\/strong><\/td>\n<\/tr>\n<tr style=\"height: 28px;\">\n<td style=\"width: 202px; height: 28px;\" data-sheets-value=\"{\">Lenguaje musical II<\/td>\n<td style=\"width: 23px; height: 28px; text-align: center;\" data-sheets-value=\"{\">128<\/td>\n<td style=\"width: 216px; height: 28px;\" data-sheets-value=\"{\">Lenguaje musical I; Instrumento arm\u00f3nico I<\/td>\n<td style=\"width: 73px; text-align: center; height: 28px;\" data-sheets-value=\"{\">x<\/td>\n<\/tr>\n<tr style=\"height: 15px;\">\n<td style=\"width: 202px; height: 15px;\" data-sheets-value=\"{\">Producci\u00f3n y an\u00e1lisis musical II<\/td>\n<td style=\"width: 23px; height: 15px; text-align: center;\" data-sheets-value=\"{\">64<\/td>\n<td style=\"width: 216px; height: 15px;\" data-sheets-value=\"{\">Producci\u00f3n y an\u00e1lisis musical I<\/td>\n<td style=\"width: 73px; text-align: center; height: 15px;\"><\/td>\n<\/tr>\n<tr style=\"height: 15px;\">\n<td style=\"width: 202px; height: 15px;\" data-sheets-value=\"{\">Historia de la m\u00fasica I<\/td>\n<td style=\"width: 23px; height: 15px; text-align: center;\" data-sheets-value=\"{\">64<\/td>\n<td style=\"width: 216px; height: 15px;\" data-sheets-value=\"{\">Lenguaje musical I<\/td>\n<td style=\"width: 73px; text-align: center; height: 15px;\" data-sheets-value=\"{\">x<\/td>\n<\/tr>\n<tr style=\"height: 15px;\">\n<td style=\"width: 202px; height: 15px;\" data-sheets-value=\"{\">Instrumento arm\u00f3nico II<\/td>\n<td style=\"width: 23px; height: 15px; text-align: center;\" data-sheets-value=\"{\">32<\/td>\n<td style=\"width: 216px; height: 15px;\" data-sheets-value=\"{\">Instrumento arm\u00f3nico I<\/td>\n<td style=\"width: 73px; text-align: center; height: 15px;\" data-sheets-value=\"{\">x<\/td>\n<\/tr>\n<tr style=\"height: 15px;\">\n<td style=\"width: 202px; height: 15px;\" data-sheets-value=\"{\">Canto colectivo II<\/td>\n<td style=\"width: 23px; height: 15px; text-align: center;\" data-sheets-value=\"{\">64<\/td>\n<td style=\"width: 216px; height: 15px;\" data-sheets-value=\"{\">Canto colectivo I<\/td>\n<td style=\"width: 73px; text-align: center; height: 15px;\" data-sheets-value=\"{\">x<\/td>\n<\/tr>\n<tr style=\"height: 15px;\">\n<td style=\"width: 202px; height: 15px;\" data-sheets-value=\"{\">Conjuntos vocales e instrumentales I<\/td>\n<td style=\"width: 23px; height: 15px; text-align: center;\" data-sheets-value=\"{\">64<\/td>\n<td style=\"width: 216px; height: 15px;\" data-sheets-value=\"{\">Producci\u00f3n y an\u00e1lisis musical I<\/td>\n<td style=\"width: 73px; text-align: center; height: 15px;\" data-sheets-value=\"{\">x<\/td>\n<\/tr>\n<tr style=\"height: 28px;\">\n<td style=\"width: 202px; height: 28px;\" data-sheets-value=\"{\">Pr\u00e1ctica Docente II<\/td>\n<td style=\"width: 23px; height: 28px; text-align: center;\" data-sheets-value=\"{\">96<\/td>\n<td style=\"width: 216px; height: 28px;\" data-sheets-value=\"{\">Pr\u00e1ctica Docente I; Fundamentos de la educaci\u00f3n; Psicolog\u00eda de la Educaci\u00f3n I<\/td>\n<td style=\"width: 73px; text-align: center; height: 28px;\"><\/td>\n<\/tr>\n<tr style=\"height: 28px;\">\n<td style=\"width: 202px; height: 28px;\" data-sheets-value=\"{\">Did\u00e1ctica General<\/td>\n<td style=\"width: 23px; height: 28px; text-align: center;\" data-sheets-value=\"{\">64<\/td>\n<td style=\"width: 216px; height: 28px;\" data-sheets-value=\"{\">Fundamentos de la Educaci\u00f3n; Psicolog\u00eda de la Educaci\u00f3n I<\/td>\n<td style=\"width: 73px; text-align: center; height: 28px;\" data-sheets-value=\"{\">x<\/td>\n<\/tr>\n<tr style=\"height: 28px;\">\n<td style=\"width: 202px; height: 28px;\" data-sheets-value=\"{\">Psicolog\u00eda de la Educaci\u00f3n II<\/td>\n<td style=\"width: 23px; height: 28px; text-align: center;\" data-sheets-value=\"{\">64<\/td>\n<td style=\"width: 216px; height: 28px;\" data-sheets-value=\"{\">Psicolog\u00eda de la Educaci\u00f3n I; Fundamentos de la Educaci\u00f3n<\/td>\n<td style=\"width: 73px; text-align: center; height: 28px;\" data-sheets-value=\"{\">x<\/td>\n<\/tr>\n<tr style=\"height: 28px;\">\n<td style=\"width: 202px; height: 28px;\" data-sheets-value=\"{\">Historia sociopol\u00edtica de Latinoam\u00e9rica y Argentina<\/td>\n<td style=\"width: 23px; height: 28px; text-align: center;\" data-sheets-value=\"{\">64<\/td>\n<td style=\"width: 216px; height: 28px;\" data-sheets-value=\"{\">Historia Social General<\/td>\n<td style=\"width: 73px; text-align: center; height: 28px;\" data-sheets-value=\"{\">x<\/td>\n<\/tr>\n<tr style=\"height: 28px;\">\n<td style=\"width: 202px; height: 28px;\" data-sheets-value=\"{\">EDI<\/td>\n<td style=\"width: 23px; height: 28px; text-align: center;\" data-sheets-value=\"{\"><\/td>\n<td style=\"width: 216px; height: 28px;\" data-sheets-value=\"{\"><\/td>\n<td style=\"width: 73px; text-align: center; height: 28px;\" data-sheets-value=\"{\"><\/td>\n<\/tr>\n<tr style=\"height: 28px;\">\n<td style=\"width: 202px; height: 28px;\" data-sheets-value=\"{\"><strong><span style=\"color: #000000;\">TERCER A\u00d1O<\/span><\/strong><\/td>\n<td style=\"width: 23px; height: 28px; text-align: center;\" data-sheets-value=\"{\"><strong><span style=\"color: #000000;\">Hs<\/span><\/strong><\/td>\n<td style=\"width: 216px; height: 28px;\" data-sheets-value=\"{\"><strong><span style=\"color: #000000;\">Correlatividades<\/span><\/strong><\/td>\n<td style=\"width: 73px; text-align: center; height: 28px;\" data-sheets-value=\"{\" data-sheets-note=\"Al inicio de cada ciclo lectivo, el estudiante podr\u00e1 inscribirse como libre hasta en un 30% de las unidades curriculares -con formato materia\u2013 establecidas por a\u00f1o calendario. Se otorgar\u00e1 a los estudiantes un plazo de un mes m\u00e1s, una vez comenzadas las clases, para que pueda modificar, reducir y\/o ampliar sus elecciones. Los estudiantes en estas condiciones podr\u00e1n presentarse en las instancias de acreditaci\u00f3n final previstas, correspondientes al per\u00edodo en que se registraron como estudiantes libres. Deber\u00e1n rendir con la propuesta pedag\u00f3gica vigente al momento de su inscripci\u00f3n. La evaluaci\u00f3n final tendr\u00e1 una instancia escrita y una oral. Se deber\u00e1 aprobar la instancia escrita con una calificaci\u00f3n no menor a 4 (cuatro) para pasar a la oral. Una vez aprobada la instancia oral, con una calificaci\u00f3n no menor a 4 (cuatro), la calificaci\u00f3n final resultar\u00e1 del promedio de ambas.\"><strong><span style=\"color: #000000;\">Se puede rendir LIBRE<\/span><\/strong><\/td>\n<\/tr>\n<tr style=\"height: 28px;\">\n<td style=\"width: 202px; height: 28px;\" data-sheets-value=\"{\">Lenguaje musical III<\/td>\n<td style=\"width: 23px; height: 28px; text-align: center;\" data-sheets-value=\"{\">128<\/td>\n<td style=\"width: 216px; height: 28px;\" data-sheets-value=\"{\">Lenguaje musical II; Instrumento arm\u00f3nico II<\/td>\n<td style=\"width: 73px; text-align: center; height: 28px;\" data-sheets-value=\"{\">x<\/td>\n<\/tr>\n<tr style=\"height: 15px;\">\n<td style=\"width: 202px; height: 15px;\" data-sheets-value=\"{\">Historia de la m\u00fasica II<\/td>\n<td style=\"width: 23px; height: 15px; text-align: center;\" data-sheets-value=\"{\">64<\/td>\n<td style=\"width: 216px; height: 15px;\" data-sheets-value=\"{\">Historia de la m\u00fasica I<\/td>\n<td style=\"width: 73px; text-align: center; height: 15px;\" data-sheets-value=\"{\">x<\/td>\n<\/tr>\n<tr style=\"height: 28px;\">\n<td style=\"width: 202px; height: 28px;\" data-sheets-value=\"{\">Instrumento arm\u00f3nico III<\/td>\n<td style=\"width: 23px; height: 28px; text-align: center;\" data-sheets-value=\"{\">32<\/td>\n<td style=\"width: 216px; height: 28px;\" data-sheets-value=\"{\">Instrumento arm\u00f3nico II; Lenguaje musical I<\/td>\n<td style=\"width: 73px; text-align: center; height: 28px;\" data-sheets-value=\"{\">x<\/td>\n<\/tr>\n<tr style=\"height: 15px;\">\n<td style=\"width: 202px; height: 15px;\" data-sheets-value=\"{\">Inform\u00e1tica y medios electroac\u00fasticos<\/td>\n<td style=\"width: 23px; height: 15px; text-align: center;\" data-sheets-value=\"{\">64<\/td>\n<td style=\"width: 216px; height: 15px;\" data-sheets-value=\"{\">Lenguaje musical I<\/td>\n<td style=\"width: 73px; text-align: center; height: 15px;\" data-sheets-value=\"{\">x<\/td>\n<\/tr>\n<tr style=\"height: 15px;\">\n<td style=\"width: 202px; height: 15px;\" data-sheets-value=\"{\">Conjuntos vocales e instrumentales II<\/td>\n<td style=\"width: 23px; height: 15px; text-align: center;\" data-sheets-value=\"{\">64<\/td>\n<td style=\"width: 216px; height: 15px;\" data-sheets-value=\"{\">Conjuntos vocales e instrumentales I<\/td>\n<td style=\"width: 73px; text-align: center; height: 15px;\" data-sheets-value=\"{\">x<\/td>\n<\/tr>\n<tr style=\"height: 28px;\">\n<td style=\"width: 202px; height: 28px;\" data-sheets-value=\"{\">Did\u00e1ctica de la M\u00fasica I<\/td>\n<td style=\"width: 23px; height: 28px; text-align: center;\" data-sheets-value=\"{\">96<\/td>\n<td style=\"width: 216px; height: 28px;\" data-sheets-value=\"{\">Did\u00e1ctica General; Psicolog\u00eda de la Educaci\u00f3n II; Pr\u00e1ctica Docente II<\/td>\n<td style=\"width: 73px; text-align: center; height: 28px;\" data-sheets-value=\"{\">x<\/td>\n<\/tr>\n<tr style=\"height: 15px;\">\n<td style=\"width: 202px; height: 15px;\" data-sheets-value=\"{\">Pr\u00e1ctica Docente III*<\/td>\n<td style=\"width: 23px; height: 15px; text-align: center;\" data-sheets-value=\"{\">128<\/td>\n<td style=\"width: 216px; height: 15px;\" data-sheets-value=\"{\">Segundo a\u00f1o completo<\/td>\n<td style=\"width: 73px; text-align: center; height: 15px;\"><\/td>\n<\/tr>\n<tr style=\"height: 41px;\">\n<td style=\"width: 202px; height: 41px;\" data-sheets-value=\"{\">Pol\u00edtica Educativa<\/td>\n<td style=\"width: 23px; height: 41px; text-align: center;\" data-sheets-value=\"{\">64<\/td>\n<td style=\"width: 216px; height: 41px;\" data-sheets-value=\"{\">Did\u00e1ctica General; Historia sociopol\u00edtica de Latinoam\u00e9rica y Argentina<\/td>\n<td style=\"width: 73px; text-align: center; height: 41px;\" data-sheets-value=\"{\">x<\/td>\n<\/tr>\n<tr style=\"height: 28px;\">\n<td style=\"width: 202px; height: 28px;\" data-sheets-value=\"{\">Teor\u00edas del arte I<\/td>\n<td style=\"width: 23px; height: 28px; text-align: center;\" data-sheets-value=\"{\">64<\/td>\n<td style=\"width: 216px; height: 28px;\" data-sheets-value=\"{\">Historia sociopol\u00edtica de Latinoam\u00e9rica y Argentina; Historia de la M\u00fasica I.<\/td>\n<td style=\"width: 73px; text-align: center; height: 28px;\" data-sheets-value=\"{\">x<\/td>\n<\/tr>\n<tr style=\"height: 28px;\">\n<td style=\"width: 202px; height: 28px;\" data-sheets-value=\"{\">EDI<\/td>\n<td style=\"width: 23px; height: 28px; text-align: center;\" data-sheets-value=\"{\"><\/td>\n<td style=\"width: 216px; height: 28px;\" data-sheets-value=\"{\"><\/td>\n<td style=\"width: 73px; text-align: center; height: 28px;\" data-sheets-value=\"{\"><\/td>\n<\/tr>\n<tr style=\"height: 28px;\">\n<td style=\"width: 202px; height: 28px;\" data-sheets-value=\"{\"><strong><span style=\"color: #000000;\">CUARTO A\u00d1O<\/span><\/strong><\/td>\n<td style=\"width: 23px; height: 28px; text-align: center;\" data-sheets-value=\"{\"><strong><span style=\"color: #000000;\">Hs<\/span><\/strong><\/td>\n<td style=\"width: 216px; height: 28px;\" data-sheets-value=\"{\"><strong><span style=\"color: #000000;\">Correlatividades<\/span><\/strong><\/td>\n<td style=\"width: 73px; text-align: center; height: 28px;\" data-sheets-value=\"{\" data-sheets-note=\"Al inicio de cada ciclo lectivo, el estudiante podr\u00e1 inscribirse como libre hasta en un 30% de las unidades curriculares -con formato materia\u2013 establecidas por a\u00f1o calendario. Se otorgar\u00e1 a los estudiantes un plazo de un mes m\u00e1s, una vez comenzadas las clases, para que pueda modificar, reducir y\/o ampliar sus elecciones. Los estudiantes en estas condiciones podr\u00e1n presentarse en las instancias de acreditaci\u00f3n final previstas, correspondientes al per\u00edodo en que se registraron como estudiantes libres. Deber\u00e1n rendir con la propuesta pedag\u00f3gica vigente al momento de su inscripci\u00f3n. La evaluaci\u00f3n final tendr\u00e1 una instancia escrita y una oral. Se deber\u00e1 aprobar la instancia escrita con una calificaci\u00f3n no menor a 4 (cuatro) para pasar a la oral. Una vez aprobada la instancia oral, con una calificaci\u00f3n no menor a 4 (cuatro), la calificaci\u00f3n final resultar\u00e1 del promedio de ambas.\"><strong><span style=\"color: #000000;\">Se puede rendir LIBRE<\/span><\/strong><\/td>\n<\/tr>\n<tr style=\"height: 28px;\">\n<td style=\"width: 202px; height: 28px;\" data-sheets-value=\"{\">Lenguaje musical IV<\/td>\n<td style=\"width: 23px; height: 28px; text-align: center;\" data-sheets-value=\"{\">128<\/td>\n<td style=\"width: 216px; height: 28px;\" data-sheets-value=\"{\">Lenguaje musical III; Instrumento arm\u00f3nico III<\/td>\n<td style=\"width: 73px; text-align: center; height: 28px;\" data-sheets-value=\"{\">x<\/td>\n<\/tr>\n<tr style=\"height: 15px;\">\n<td style=\"width: 202px; height: 15px;\" data-sheets-value=\"{\">Historia de la m\u00fasica III<\/td>\n<td style=\"width: 23px; height: 15px; text-align: center;\" data-sheets-value=\"{\">64<\/td>\n<td style=\"width: 216px; height: 15px;\" data-sheets-value=\"{\">Historia de la m\u00fasica II<\/td>\n<td style=\"width: 73px; text-align: center; height: 15px;\" data-sheets-value=\"{\">x<\/td>\n<\/tr>\n<tr style=\"height: 28px;\">\n<td style=\"width: 202px; height: 28px;\" data-sheets-value=\"{\">Instrumento arm\u00f3nico IV<\/td>\n<td style=\"width: 23px; height: 28px; text-align: center;\" data-sheets-value=\"{\">32<\/td>\n<td style=\"width: 216px; height: 28px;\" data-sheets-value=\"{\">Instrumento arm\u00f3nico III; Lenguaje musical III<\/td>\n<td style=\"width: 73px; text-align: center; height: 28px;\" data-sheets-value=\"{\">x<\/td>\n<\/tr>\n<tr style=\"height: 41px;\">\n<td style=\"width: 202px; height: 41px;\" data-sheets-value=\"{\">Realizaci\u00f3n musical-esc\u00e9nica<\/td>\n<td style=\"width: 23px; height: 41px; text-align: center;\" data-sheets-value=\"{\">64<\/td>\n<td style=\"width: 216px; height: 41px;\" data-sheets-value=\"{\">Producci\u00f3n y an\u00e1lisis musical II; Conjuntos vocales e instrumentales I; Trabajo Corporal; Canto colectivo II.<\/td>\n<td style=\"width: 73px; text-align: center; height: 41px;\" data-sheets-value=\"{\">x<\/td>\n<\/tr>\n<tr style=\"height: 28px;\">\n<td style=\"width: 202px; height: 28px;\" data-sheets-value=\"{\">Did\u00e1ctica de la M\u00fasica II<\/td>\n<td style=\"width: 23px; height: 28px; text-align: center;\" data-sheets-value=\"{\">96<\/td>\n<td style=\"width: 216px; height: 28px;\" data-sheets-value=\"{\">Did\u00e1ctica de la M\u00fasica I; Pol\u00edtica Educativa; Pr\u00e1ctica Docente III<\/td>\n<td style=\"width: 73px; text-align: center; height: 28px;\" data-sheets-value=\"{\">x<\/td>\n<\/tr>\n<tr style=\"height: 15px;\">\n<td style=\"width: 202px; height: 15px;\" data-sheets-value=\"{\">Pr\u00e1ctica Docente IV*<\/td>\n<td style=\"width: 23px; height: 15px; text-align: center;\" data-sheets-value=\"{\">128<\/td>\n<td style=\"width: 216px; height: 15px;\" data-sheets-value=\"{\">Tercer a\u00f1o completo<\/td>\n<td style=\"width: 73px; text-align: center; height: 15px;\"><\/td>\n<\/tr>\n<tr style=\"height: 28px;\">\n<td style=\"width: 202px; height: 28px;\" data-sheets-value=\"{\">Teor\u00edas del arte II<\/td>\n<td style=\"width: 23px; height: 28px; text-align: center;\" data-sheets-value=\"{\">64<\/td>\n<td style=\"width: 216px; height: 28px;\" data-sheets-value=\"{\">Teor\u00edas del arte I; Historia de la M\u00fasica II<\/td>\n<td style=\"width: 73px; text-align: center; height: 28px;\" data-sheets-value=\"{\">x<\/td>\n<\/tr>\n<tr style=\"height: 28px;\">\n<td style=\"width: 202px; height: 28px;\" data-sheets-value=\"{\">Metodolog\u00eda de la investigaci\u00f3n en Artes<\/td>\n<td style=\"width: 23px; height: 28px; text-align: center;\" data-sheets-value=\"{\">96<\/td>\n<td style=\"width: 216px; height: 28px;\" data-sheets-value=\"{\">Teor\u00edas del arte I; Historia de la M\u00fasica II<\/td>\n<td style=\"width: 73px; text-align: center; height: 28px;\" data-sheets-value=\"{\">x<\/td>\n<\/tr>\n<tr style=\"height: 1px;\">\n<td style=\"width: 202px; height: 1px;\" data-sheets-value=\"{\">EDI<\/td>\n<td style=\"width: 23px; height: 1px; text-align: center;\" data-sheets-value=\"{\"><\/td>\n<td style=\"width: 216px; height: 1px;\" data-sheets-value=\"{\"><\/td>\n<td style=\"width: 73px; text-align: center; height: 1px;\" data-sheets-value=\"{\"><\/td>\n<\/tr>\n<\/tbody>\n<\/table>\n<table style=\"border-color: #050505;\" border=\"0\" width=\"1049\">\n<tbody>\n<tr>\n<td colspan=\"5\" width=\"1049\">E.D.I :<\/p>\n<p>T.de Folclore- Prof.BELLO,A. Viernes 10-12hs.<\/p>\n<p>T.de Artes Visuales- Prof. MARRA S. Jueves 13-15hs.<\/td>\n<\/tr>\n<tr>\n<td colspan=\"5\">T.de Literatura- Prof.ROGGERO,D. Viernes 15-17hs.<\/p>\n<p>T. de Bandas no Convencionales-Prof.VEIGA,J. Martes 19-21hs.<\/td>\n<\/tr>\n<\/tbody>\n<\/table>\n","protected":false},"excerpt":{"rendered":"<p>&nbsp; PRIMER A\u00d1O (requiere FOBA 2 completo m\u00e1s las correlativas indicadas o FOBA EDUCACION COMPLETO) Hs Correlatividades Se puede rendir LIBRE Lenguaje musical I 128 Instrumento armonico (FOBA) Lenguaje musical (FOBA) Apreciacion musical II (FOBA) x Producci\u00f3n y an\u00e1lisis musical I 64 Instrumento armonico (FOBA) Lenguaje musical (FOBA) Apreciacion musical II (FOBA) x Instrumento arm\u00f3nico &#8230; <a title=\"Plan de estudio Educaci\u00f3n Musical (RESOLUCI\u00d3N 855\/11)\" class=\"read-more\" href=\"https:\/\/cmercedes-bue.infd.edu.ar\/sitio\/plan-de-estudios\/\" aria-label=\"More on Plan de estudio Educaci\u00f3n Musical (RESOLUCI\u00d3N 855\/11)\">[+]<\/a><\/p>\n","protected":false},"author":271,"featured_media":0,"parent":0,"menu_order":0,"comment_status":"closed","ping_status":"closed","template":"","meta":[],"acf":[],"_links":{"self":[{"href":"https:\/\/cmercedes-bue.infd.edu.ar\/sitio\/wp-json\/wp\/v2\/pages\/745"}],"collection":[{"href":"https:\/\/cmercedes-bue.infd.edu.ar\/sitio\/wp-json\/wp\/v2\/pages"}],"about":[{"href":"https:\/\/cmercedes-bue.infd.edu.ar\/sitio\/wp-json\/wp\/v2\/types\/page"}],"author":[{"embeddable":true,"href":"https:\/\/cmercedes-bue.infd.edu.ar\/sitio\/wp-json\/wp\/v2\/users\/271"}],"replies":[{"embeddable":true,"href":"https:\/\/cmercedes-bue.infd.edu.ar\/sitio\/wp-json\/wp\/v2\/comments?post=745"}],"version-history":[{"count":3,"href":"https:\/\/cmercedes-bue.infd.edu.ar\/sitio\/wp-json\/wp\/v2\/pages\/745\/revisions"}],"predecessor-version":[{"id":1153,"href":"https:\/\/cmercedes-bue.infd.edu.ar\/sitio\/wp-json\/wp\/v2\/pages\/745\/revisions\/1153"}],"wp:attachment":[{"href":"https:\/\/cmercedes-bue.infd.edu.ar\/sitio\/wp-json\/wp\/v2\/media?parent=745"}],"curies":[{"name":"wp","href":"https:\/\/api.w.org\/{rel}","templated":true}]}}