{"id":286,"date":"2016-10-31T13:17:59","date_gmt":"2016-10-31T16:17:59","guid":{"rendered":"https:\/\/cmercedes-bue.infd.edu.ar\/sitio\/?page_id=286"},"modified":"2026-02-10T10:54:06","modified_gmt":"2026-02-10T13:54:06","slug":"inicio","status":"publish","type":"page","link":"https:\/\/cmercedes-bue.infd.edu.ar\/sitio\/","title":{"rendered":"Inicio"},"content":{"rendered":"<table id=\"table1\" style=\"border-right-width: 0px; width: 975px; border-top-width: 0px; border-left-width: 0px; height: 744px;\" border=\"1\" cellspacing=\"0\" cellpadding=\"10\">\n<tbody>\n<tr>\n<td style=\"border: 1px solid;\">\n<p style=\"text-align: center;\"><span style=\"color: #000000;\"><span style=\"font-family: arial, helvetica, sans-serif; font-size: 14pt;\"><strong><strong>Conservatorio de M\u00fasica de Mercedes (Bs. As.)<\/strong><\/strong><\/span><span style=\"font-family: arial, helvetica, sans-serif; font-size: 14pt;\"><strong>\u00a0<\/strong><\/span><\/span><\/p>\n<p style=\"text-align: center;\"><img decoding=\"async\" loading=\"lazy\" class=\"alignnone wp-image-901 size-full\" src=\"https:\/\/cmercedes-bue.infd.edu.ar\/sitio\/wp-content\/uploads\/2021\/11\/image0-e1660065994118.jpeg\" alt=\"\" width=\"606\" height=\"628\" \/><\/p>\n<p style=\"text-align: center;\">Contactanos tambi\u00e9n en <a href=\"https:\/\/www.facebook.com\/conservatoriodemusica.mercedes\" target=\"_blank\" rel=\"noopener\">FACEBOOK<\/a><\/p>\n<p style=\"text-align: center;\"><a href=\"https:\/\/cmercedes-bue.infd.edu.ar\/sitio\/foba-educacion-musical\/\">Nuevo Foba Educaci\u00f3n Musical &#8211; Mas informaci\u00f3n Click Aqui<\/a><\/p>\n<p>Antes de enviarnos un mensaje tambi\u00e9n podes consultar las <a href=\"https:\/\/cmercedes-bue.infd.edu.ar\/sitio\/preguntas-frecuentes\/\">\u00abPreguntas Frecuentes\u00bb<\/a> donde quiz\u00e1s puedas aclarar tus dudas.<\/td>\n<\/tr>\n<\/tbody>\n<\/table>\n<h1 style=\"text-align: center;\"><a href=\"https:\/\/cmercedes-bue.infd.edu.ar\/sitio\/inicio\/re-inscripcion-2021-todos-los-niveles\/\">Re Inscripci\u00f3n para todos los Niveles.<\/a><\/h1>\n<p>A partir del 10\/2 podes reinscribirte en todos los niveles, si ya estas en condiciones de hacerlo y no adeudas materias pendientes para rendir en Feb\/Marzo, podes completar la reinscripci\u00f3n <a href=\"https:\/\/cmercedes-bue.infd.edu.ar\/sitio\/inicio\/re-inscripcion-2021-todos-los-niveles\/\">Haciendo click Aqu\u00ed.<\/a><\/p>\n<h1 style=\"text-align: center;\"><a href=\"https:\/\/cmercedes-bue.infd.edu.ar\/sitio\/inscripcion-examenes-diciembre-2021\/\">Inscripci\u00f3n a Ex\u00e1menes Turno Febrero \/ Marzo 2026<\/a><\/h1>\n<p>Se encuentra abierta la inscripci\u00f3n a Ex\u00e1menes Finales, Libres y Regulares del Turno Feb\/Marzo 26 para consultar las fechas y anotarte ingres\u00e1 <a href=\"https:\/\/cmercedes-bue.infd.edu.ar\/sitio\/inscripcion-examenes-diciembre-2021\/\">Haciendo Click Aqu\u00ed.<\/a><\/p>\n<h1 style=\"text-align: center;\">PRE INSCRIPCION 2026<\/h1>\n<p>A partir del Lunes 4 de Noviembre se encontrar\u00e1 abierta la inscripci\u00f3n de ingresantes para las <strong>FOBA<\/strong> (Formaci\u00f3n B\u00e1sica) para las carreras:<\/p>\n<p><strong>Profesorado de Educaci\u00f3n Musical<\/strong><\/p>\n<p><strong>Profesorado de Instrumento<\/strong><\/p>\n<p><strong>Profesorado de Canto Popular.<\/strong><\/p>\n<p>La inscripci\u00f3n se realizara en forma <strong>Online<\/strong> por medio de un formulario de Google para carga de datos, y se har\u00e1 efectiva cuando se presente la documentaci\u00f3n requerida en el Conservatorio.<\/p>\n<p>&nbsp;<\/p>\n<hr \/>\n<p>Si queres conocer mas sobre la Formaci\u00f3n B\u00e1sica para el ingreso a los profesorados, consulta <a href=\"https:\/\/cmercedes-bue.infd.edu.ar\/sitio\/preguntas-frecuentes-foba\/\">la pagina de Preguntas Frecuentes<\/a>.<\/p>\n<p>&nbsp;<\/p>\n","protected":false},"excerpt":{"rendered":"<p>Conservatorio de M\u00fasica de Mercedes (Bs. As.)\u00a0 Contactanos tambi\u00e9n en FACEBOOK Nuevo Foba Educaci\u00f3n Musical &#8211; Mas informaci\u00f3n Click Aqui Antes de enviarnos un mensaje tambi\u00e9n podes consultar las \u00abPreguntas Frecuentes\u00bb donde quiz\u00e1s puedas aclarar tus dudas. Re Inscripci\u00f3n para todos los Niveles. A partir del 10\/2 podes reinscribirte en todos los niveles, si ya &#8230; <a title=\"Inicio\" class=\"read-more\" href=\"https:\/\/cmercedes-bue.infd.edu.ar\/sitio\/\" aria-label=\"More on Inicio\">[+]<\/a><\/p>\n","protected":false},"author":1,"featured_media":0,"parent":0,"menu_order":0,"comment_status":"closed","ping_status":"closed","template":"","meta":[],"acf":[],"_links":{"self":[{"href":"https:\/\/cmercedes-bue.infd.edu.ar\/sitio\/wp-json\/wp\/v2\/pages\/286"}],"collection":[{"href":"https:\/\/cmercedes-bue.infd.edu.ar\/sitio\/wp-json\/wp\/v2\/pages"}],"about":[{"href":"https:\/\/cmercedes-bue.infd.edu.ar\/sitio\/wp-json\/wp\/v2\/types\/page"}],"author":[{"embeddable":true,"href":"https:\/\/cmercedes-bue.infd.edu.ar\/sitio\/wp-json\/wp\/v2\/users\/1"}],"replies":[{"embeddable":true,"href":"https:\/\/cmercedes-bue.infd.edu.ar\/sitio\/wp-json\/wp\/v2\/comments?post=286"}],"version-history":[{"count":179,"href":"https:\/\/cmercedes-bue.infd.edu.ar\/sitio\/wp-json\/wp\/v2\/pages\/286\/revisions"}],"predecessor-version":[{"id":1241,"href":"https:\/\/cmercedes-bue.infd.edu.ar\/sitio\/wp-json\/wp\/v2\/pages\/286\/revisions\/1241"}],"wp:attachment":[{"href":"https:\/\/cmercedes-bue.infd.edu.ar\/sitio\/wp-json\/wp\/v2\/media?parent=286"}],"curies":[{"name":"wp","href":"https:\/\/api.w.org\/{rel}","templated":true}]}}