{"id":1018,"date":"2023-03-08T17:56:48","date_gmt":"2023-03-08T20:56:48","guid":{"rendered":"https:\/\/cmercedes-bue.infd.edu.ar\/sitio\/?page_id=1018"},"modified":"2025-11-10T19:19:08","modified_gmt":"2025-11-10T22:19:08","slug":"preguntas-frecuentes-foba","status":"publish","type":"page","link":"https:\/\/cmercedes-bue.infd.edu.ar\/sitio\/preguntas-frecuentes-foba\/","title":{"rendered":"Preguntas Frecuentes FOBA"},"content":{"rendered":"\n<p><\/p>\n\n\n\n<p><strong>\u00bfQu\u00e9 es FOBA?<\/strong><\/p>\n\n\n\n<p>LA FOBA (Formaci\u00f3n B\u00e1sica) Es un trayecto de formaci\u00f3n que garantiza los conocimientos y habilidades t\u00e9cnicas necesarios para el ingreso a los diferentes profesorados.<\/p>\n\n\n\n<p><strong>\u00bfCu\u00e1les son las opciones de FOBA que puedo cursar en el Conservatorio?<\/strong><\/p>\n\n\n\n<p>Actualmente hay cuatro FOBAs el Conservatorio: La FOBA Ni\u00f1os, para ni\u00f1os de 9 a 13 a\u00f1os en todos los instrumentos. FOBA de Adolescentes y Adultos a partir de los 14 a\u00f1os, para el ingreso al profesorado de Instrumento. FOBA de Adolescentes y Adultos a partir de los 15 a\u00f1os para el ingreso al Profesorado de Canto Popular, todas con una duraci\u00f3n de tres a\u00f1os,&nbsp; y una FOBA de Educaci\u00f3n Musical a partir de los 17a\u00f1os, para el ingreso al Profesorado de Educaci\u00f3n Musical, con una duraci\u00f3n de un a\u00f1o.<\/p>\n\n\n\n<p><strong>\u00bfQu\u00e9 es la FOBA para Educaci\u00f3n Musical?<\/strong><\/p>\n\n\n\n<p>LA FOBA para el ingreso al Profesorado en M\u00fasica (Orientaci\u00f3n Educ. Musical) se formul\u00f3 con un programa intensivo que permite cursarlo completo en un a\u00f1o. Duplicando la carga horaria de Lenguaje Musical y cubriendo los contenidos m\u00ednimos de las dem\u00e1s materia en funci\u00f3n de las necesidades de este Profesorado.<\/p>\n\n\n\n<p><strong>\u00bfQu\u00e9 edad tengo que tener para ingresar al FOBA de Educaci\u00f3n Musical?<\/strong><\/p>\n\n\n\n<p>La FOBA de Educaci\u00f3n Musical exige que re\u00fanas las condiciones para, a su t\u00e9rmino, ingresar al Profesorado de Educaci\u00f3n, para ello deber\u00e1s contar con el Secundario completo, por lo que se recomienda cursarlo en el \u00faltimo o ante \u00faltimo a\u00f1o de cursada del secundario. No hay un l\u00edmite de edad para el ingreso.<\/p>\n\n\n\n<p><strong>\u00bfQu\u00e9 instrumentos puedo elegir cursar?<\/strong><\/p>\n\n\n\n<p>Aunque en el conservatorio hay 10 instrumentos para elegir, en el caso del FOBA para educaci\u00f3n musical, deber\u00e1s optar por Guitarra o Piano. Ya que estos son los instrumentos arm\u00f3nicos ejes transversales de toda la carrera.<\/p>\n\n\n\n<p><strong>Ya poseo conocimientos musicales \u00bfEs necesario cursar la FOBA?<\/strong><\/p>\n\n\n\n<p>La FOBA es necesaria para garantizar los contenidos necesarios para el profesorado y tambi\u00e9n para construir y desarrollar un c\u00f3digo y un lenguaje en com\u00fan. Si posees conocimientos musicales previos podes nivelar o rendir libre lo que vos y tu profesor consideren que estas en condiciones de rendir.<\/p>\n\n\n\n<p><strong>\u00bfEs obligatorio cursar todo el FOBA E.M. completo en un a\u00f1o?<\/strong><\/p>\n\n\n\n<p>El plan esta formulado sin orden de correlatividades para que puedas cursarlo en un a\u00f1o, pero siempre la posibilidad de cursarlo en dos a\u00f1os si la carga horaria es mucha o necesitas m\u00e1s tiempo para el instrumento.<\/p>\n\n\n\n<p><strong>Ya curs\u00e9 y aprob\u00e9 materias de la FOBA de Instrumento o Canto. \u00bfPuedo pasarme a la FOBA de Educaci\u00f3n Musical?<\/strong><\/p>\n\n\n\n<p>La FOBA de EM posee un plan de equivalencias con el FOBA tradicional y podes consultarlo para saber que materias se consideran aprobadas por equivalencia en forma total o parcial para pasar a esta FOBA.<\/p>\n\n\n\n<p><strong>Con la FOBA de Educaci\u00f3n Musical completa \u00bfPuedo ingresar al Profesorado de instrumento o al de Canto Popular?<\/strong><\/p>\n\n\n\n<p>LA FOBA de EM es Exclusiva para el ingreso al Profesorado de M\u00fasica (Orientaci\u00f3n Educ. Musical) Res.855\/11. Si una vez concluido quisieras completar la FOBA de Instrumento o Canto para cursar otro profesorado podes consultar el plan de equivalencias para saber que materias se consideran aprobadas total o parcialmente. Completando la FOBA de Instrumento o Canto podr\u00e1s ingresar a estos profesorados.<\/p>\n","protected":false},"excerpt":{"rendered":"<p>\u00bfQu\u00e9 es FOBA? LA FOBA (Formaci\u00f3n B\u00e1sica) Es un trayecto de formaci\u00f3n que garantiza los conocimientos y habilidades t\u00e9cnicas necesarios para el ingreso a los diferentes profesorados. \u00bfCu\u00e1les son las opciones de FOBA que puedo cursar en el Conservatorio? Actualmente hay cuatro FOBAs el Conservatorio: La FOBA Ni\u00f1os, para ni\u00f1os de 9 a 13 a\u00f1os &#8230; <a title=\"Preguntas Frecuentes FOBA\" class=\"read-more\" href=\"https:\/\/cmercedes-bue.infd.edu.ar\/sitio\/preguntas-frecuentes-foba\/\" aria-label=\"More on Preguntas Frecuentes FOBA\">[+]<\/a><\/p>\n","protected":false},"author":321,"featured_media":0,"parent":0,"menu_order":0,"comment_status":"closed","ping_status":"closed","template":"","meta":[],"acf":[],"_links":{"self":[{"href":"https:\/\/cmercedes-bue.infd.edu.ar\/sitio\/wp-json\/wp\/v2\/pages\/1018"}],"collection":[{"href":"https:\/\/cmercedes-bue.infd.edu.ar\/sitio\/wp-json\/wp\/v2\/pages"}],"about":[{"href":"https:\/\/cmercedes-bue.infd.edu.ar\/sitio\/wp-json\/wp\/v2\/types\/page"}],"author":[{"embeddable":true,"href":"https:\/\/cmercedes-bue.infd.edu.ar\/sitio\/wp-json\/wp\/v2\/users\/321"}],"replies":[{"embeddable":true,"href":"https:\/\/cmercedes-bue.infd.edu.ar\/sitio\/wp-json\/wp\/v2\/comments?post=1018"}],"version-history":[{"count":4,"href":"https:\/\/cmercedes-bue.infd.edu.ar\/sitio\/wp-json\/wp\/v2\/pages\/1018\/revisions"}],"predecessor-version":[{"id":1221,"href":"https:\/\/cmercedes-bue.infd.edu.ar\/sitio\/wp-json\/wp\/v2\/pages\/1018\/revisions\/1221"}],"wp:attachment":[{"href":"https:\/\/cmercedes-bue.infd.edu.ar\/sitio\/wp-json\/wp\/v2\/media?parent=1018"}],"curies":[{"name":"wp","href":"https:\/\/api.w.org\/{rel}","templated":true}]}}